{"id":11,"date":"2025-01-06T16:05:38","date_gmt":"2025-01-06T19:05:38","guid":{"rendered":"https:\/\/www.hospitalaustral.edu.ar\/austral\/?page_id=11"},"modified":"2025-01-08T17:35:36","modified_gmt":"2025-01-08T20:35:36","slug":"internacion","status":"publish","type":"page","link":"https:\/\/www.hospitalaustral.edu.ar\/austral\/internacion\/","title":{"rendered":"Internaci\u00f3n"},"content":{"rendered":"<p>\u00a1Bienvenido\/a!<br \/>\nConoc\u00e9 todo lo que ten\u00e9s que saber antes, durante y despu\u00e9s de tu internaci\u00f3n en el Hospital Universitario Austral.<\/p>\n<p>Informaci\u00f3n importante para tu internaci\u00f3n<\/p>\n<p>Subsuelo<br \/>\n2\u00ba piso<\/p>\n<p>3\u00ba piso<\/p>\n<p>4\u00ba piso<\/p>\n<p>5\u00ba piso<\/p>\n<p>6\u00ba piso<\/p>\n<p>Servicios del Hospital durante la internaci\u00f3n<br \/>\nAtenci\u00f3n humana y espiritual<br \/>\nAdicionales para internaci\u00f3n<br \/>\nCafeter\u00eda<br \/>\nEstacionamiento<\/p>\n","protected":false},"excerpt":{"rendered":"<p>\u00a1Bienvenido\/a! Conoc\u00e9 todo lo que ten\u00e9s que saber antes, durante y despu\u00e9s de tu internaci\u00f3n en el Hospital Universitario Austral. Informaci\u00f3n importante para tu internaci\u00f3n Subsuelo 2\u00ba piso 3\u00ba piso 4\u00ba piso 5\u00ba piso 6\u00ba piso Servicios del Hospital durante la internaci\u00f3n Atenci\u00f3n humana y espiritual Adicionales para internaci\u00f3n Cafeter\u00eda Estacionamiento<\/p>\n","protected":false},"author":1,"featured_media":0,"parent":0,"menu_order":0,"comment_status":"closed","ping_status":"closed","template":"internacion-index.php","meta":{"_acf_changed":false,"footnotes":""},"class_list":["post-11","page","type-page","status-publish","hentry"],"acf":[],"_links":{"self":[{"href":"https:\/\/www.hospitalaustral.edu.ar\/austral\/wp-json\/wp\/v2\/pages\/11","targetHints":{"allow":["GET"]}}],"collection":[{"href":"https:\/\/www.hospitalaustral.edu.ar\/austral\/wp-json\/wp\/v2\/pages"}],"about":[{"href":"https:\/\/www.hospitalaustral.edu.ar\/austral\/wp-json\/wp\/v2\/types\/page"}],"author":[{"embeddable":true,"href":"https:\/\/www.hospitalaustral.edu.ar\/austral\/wp-json\/wp\/v2\/users\/1"}],"replies":[{"embeddable":true,"href":"https:\/\/www.hospitalaustral.edu.ar\/austral\/wp-json\/wp\/v2\/comments?post=11"}],"version-history":[{"count":5,"href":"https:\/\/www.hospitalaustral.edu.ar\/austral\/wp-json\/wp\/v2\/pages\/11\/revisions"}],"predecessor-version":[{"id":143,"href":"https:\/\/www.hospitalaustral.edu.ar\/austral\/wp-json\/wp\/v2\/pages\/11\/revisions\/143"}],"wp:attachment":[{"href":"https:\/\/www.hospitalaustral.edu.ar\/austral\/wp-json\/wp\/v2\/media?parent=11"}],"curies":[{"name":"wp","href":"https:\/\/api.w.org\/{rel}","templated":true}]}}