{"id":123,"date":"2025-01-07T19:58:24","date_gmt":"2025-01-07T22:58:24","guid":{"rendered":"https:\/\/www.hospitalaustral.edu.ar\/austral\/?page_id=123"},"modified":"2026-04-16T08:18:35","modified_gmt":"2026-04-16T11:18:35","slug":"internacion-general-pediatrica","status":"publish","type":"page","link":"https:\/\/www.hospitalaustral.edu.ar\/austral\/internacion\/internacion-general-pediatrica\/","title":{"rendered":"Internaci\u00f3n General Pedi\u00e1trica e Intermedia Pedi\u00e1trica"},"content":{"rendered":"","protected":false},"excerpt":{"rendered":"","protected":false},"author":1,"featured_media":0,"parent":11,"menu_order":0,"comment_status":"closed","ping_status":"closed","template":"internacion-page-internacion.php","meta":{"_acf_changed":false,"footnotes":""},"class_list":["post-123","page","type-page","status-publish","hentry"],"acf":[],"_links":{"self":[{"href":"https:\/\/www.hospitalaustral.edu.ar\/austral\/wp-json\/wp\/v2\/pages\/123","targetHints":{"allow":["GET"]}}],"collection":[{"href":"https:\/\/www.hospitalaustral.edu.ar\/austral\/wp-json\/wp\/v2\/pages"}],"about":[{"href":"https:\/\/www.hospitalaustral.edu.ar\/austral\/wp-json\/wp\/v2\/types\/page"}],"author":[{"embeddable":true,"href":"https:\/\/www.hospitalaustral.edu.ar\/austral\/wp-json\/wp\/v2\/users\/1"}],"replies":[{"embeddable":true,"href":"https:\/\/www.hospitalaustral.edu.ar\/austral\/wp-json\/wp\/v2\/comments?post=123"}],"version-history":[{"count":20,"href":"https:\/\/www.hospitalaustral.edu.ar\/austral\/wp-json\/wp\/v2\/pages\/123\/revisions"}],"predecessor-version":[{"id":1266,"href":"https:\/\/www.hospitalaustral.edu.ar\/austral\/wp-json\/wp\/v2\/pages\/123\/revisions\/1266"}],"up":[{"embeddable":true,"href":"https:\/\/www.hospitalaustral.edu.ar\/austral\/wp-json\/wp\/v2\/pages\/11"}],"wp:attachment":[{"href":"https:\/\/www.hospitalaustral.edu.ar\/austral\/wp-json\/wp\/v2\/media?parent=123"}],"curies":[{"name":"wp","href":"https:\/\/api.w.org\/{rel}","templated":true}]}}