{"id":115,"date":"2016-04-08T17:14:08","date_gmt":"2016-04-08T20:14:08","guid":{"rendered":"http:\/\/www.hospitalaustral.edu.ar\/plandesalud\/?page_id=115"},"modified":"2024-05-31T20:38:30","modified_gmt":"2024-05-31T23:38:30","slug":"medios-y-lugares-de-pago","status":"publish","type":"page","link":"https:\/\/www.hospitalaustral.edu.ar\/plandesalud\/servicios\/medios-y-lugares-de-pago\/","title":{"rendered":"Medios y Lugares de Pago"},"content":{"rendered":"<p><!-- INICIO contenido OFF\n\n\n<p class=\"h5\"><span data-mce-type=\"bookmark\" class=\"mce_SELRES_start\"><span data-mce-type=\"bookmark\" class=\"mce_SELRES_start\"><span data-mce-type=\"bookmark\" class=\"mce_SELRES_start\"><span data-mce-type=\"bookmark\" class=\"mce_SELRES_start\"><span data-mce-type=\"bookmark\" class=\"mce_SELRES_start\"><span class=\"h2\">Para su comodidad, el Plan de Salud le ofrece distintas modalidades para el pago de sus cuotas mensuales, de modo que usted pueda elegir las que le resulten mejor y m\u00e1s f\u00e1cil.<\/p>\n\n\n\n\n<p class=\"h5\"><span class=\"h4\">A continuaci\u00f3n las detallamos, as\u00ed como las maneras de acceder a ellas:<\/p>\n\n\n\n\n\n<h3>D\u00e9bito Autom\u00e1tico<\/h3>\n\n\nPara adherirse al d\u00e9bito autom\u00e1tico deber\u00e1\u00a0acercarse a nuestras sucursales Pilar u Hospital Universitario Austral con su tarjeta de cr\u00e9dito de Lunes a Viernes de 9 a 18 hs.\n\n\n<h3>D\u00e9bito Directo<\/h3>\n\n\nPara adherirse al d\u00e9bito directo deber\u00e1 acercarse a nuestras sucursales Pilar u Hospital Universitario Austral con constancia de CBU y CUIT\u00a0de Lunes a Viernes de 9 a 18 hs.\n\n\n<h3>Cheque<\/h3>\n\n\nLa factura puede ser abonada con cheque\u00a0en nuestras sucursales. Los cheques deben ser\u00a0a la orden de: Asociaci\u00f3n Civil de Estudios Superiores \/ No a la orden.\u00a0No se aceptan cheques de terceros.\n\n\n<h3>Pago Mis Cuentas<\/h3>\n\n\nMediante el uso del c\u00f3digo BANELCO que figura en su factura electr\u00f3nica.\n\n\n<h3>PAGO EN EFECTIVO<\/h3>\n\n\n\n\n<h4>Pago F\u00e1cil<\/h4>\n\n\nPresentando su factura o a trav\u00e9s del c\u00f3digo de barras que puede solicitar en nuestras sucursales.\n\n\n<h4>Rapipago<\/h4>\n\n\nPresentando su factura o a trav\u00e9s del c\u00f3digo de barras que puede solicitar en nuestras sucursales.\n\n\n<h4>BAPRO<\/h4>\n\n\nPresentando su factura.\n\n\n<h4>Servicios Integrales de Areco<\/h4>\n\n\nPresentando su factura.\nFIN contenido OFF--><\/p>\n<p><strong>Para su comodidad, el Plan de Salud le ofrece distintas modalidades para el pago de sus cuotas mensuales, de modo que usted pueda elegir las que le resulten mejor y m\u00e1s f\u00e1cil.<\/strong><\/p>\n<p>A continuaci\u00f3n las detallamos, as\u00ed como las maneras de acceder a ellas:<\/p>\n<h2>D\u00c9BITO AUTOM\u00c1TICO<\/h2>\n<p>Para adherirse al d\u00e9bito autom\u00e1tico deber\u00e1 deber\u00e1 completar el <strong><a href=\"https:\/\/www.hospitalaustral.edu.ar\/plandesalud\/contacto\/\">Formulario de Contacto<\/a><\/strong> con los datos de su tarjeta de cr\u00e9dito, se confirmara la entrada en vigencia de esta modalidad v\u00eda mail.<\/p>\n<h2>D\u00c9BITO DIRECTO<\/h2>\n<p>Para adherirse al d\u00e9bito directo deber\u00e1 completar el <a href=\"https:\/\/www.hospitalaustral.edu.ar\/plandesalud\/contacto\/\"><strong>Formulario de Contacto<\/strong><\/a> adjuntando constancia de CBU y CUIT, se confirmara la entrada en vigencia de esta modalidad v\u00eda mail.<\/p>\n<h2>PAGO MIS CUENTAS<\/h2>\n<p>Mediante el uso del c\u00f3digo BANELCO que figura en su factura electr\u00f3nica.<\/p>\n<h2>MERCADO PAGO<u><\/u><u><\/u><\/h2>\n<p>Mediante el uso del c\u00f3digo de credencial de pago indicado o escaneando el c\u00f3digo de barras que figura en su factura electr\u00f3nica.<\/p>\n<h2>PAGO EN EFECTIVO<\/h2>\n<h3><a href=\"https:\/\/www.e-pagofacil.com\/\" target=\"_blank\" rel=\"noopener noreferrer\">PAGO F\u00c1CIL<\/a> \/ <a href=\"http:\/\/www.rapipago.com.ar\" target=\"_blank\" rel=\"noopener noreferrer\">RAPIPAGO<\/a><\/h3>\n<p>Presentando su factura o a trav\u00e9s del c\u00f3digo de barras que puede solicitar en nuestras sucursales.<\/p>\n<p><strong>Consulte los locales abiertos ingresando en:<\/strong><\/p>\n<ul>\n<li><a href=\"https:\/\/www.pagofacil.com.ar\/\" target=\"_blank\" rel=\"noopener noreferrer\">Pago F\u00e1cil: www.pagofacil.com.ar\/<\/a><\/li>\n<li><a href=\"https:\/\/rapipago.com.ar\/rapipagoWeb\/\" target=\"_blank\" rel=\"noopener noreferrer\">RapiPago: www.rapipago.com.ar\/rapipagoWeb\/<\/a><\/li>\n<\/ul>\n","protected":false},"excerpt":{"rendered":"<p>Para su comodidad, el Plan de Salud le ofrece distintas modalidades para el pago de sus cuotas mensuales, de modo que usted pueda elegir las que le resulten mejor y m\u00e1s f\u00e1cil. A continuaci\u00f3n las detallamos, as\u00ed como las maneras [&hellip;]<\/p>\n","protected":false},"author":5,"featured_media":0,"parent":43,"menu_order":4,"comment_status":"closed","ping_status":"closed","template":"","meta":{"_acf_changed":false,"footnotes":""},"acf":[],"_links":{"self":[{"href":"https:\/\/www.hospitalaustral.edu.ar\/plandesalud\/wp-json\/wp\/v2\/pages\/115"}],"collection":[{"href":"https:\/\/www.hospitalaustral.edu.ar\/plandesalud\/wp-json\/wp\/v2\/pages"}],"about":[{"href":"https:\/\/www.hospitalaustral.edu.ar\/plandesalud\/wp-json\/wp\/v2\/types\/page"}],"author":[{"embeddable":true,"href":"https:\/\/www.hospitalaustral.edu.ar\/plandesalud\/wp-json\/wp\/v2\/users\/5"}],"replies":[{"embeddable":true,"href":"https:\/\/www.hospitalaustral.edu.ar\/plandesalud\/wp-json\/wp\/v2\/comments?post=115"}],"version-history":[{"count":20,"href":"https:\/\/www.hospitalaustral.edu.ar\/plandesalud\/wp-json\/wp\/v2\/pages\/115\/revisions"}],"predecessor-version":[{"id":3118,"href":"https:\/\/www.hospitalaustral.edu.ar\/plandesalud\/wp-json\/wp\/v2\/pages\/115\/revisions\/3118"}],"up":[{"embeddable":true,"href":"https:\/\/www.hospitalaustral.edu.ar\/plandesalud\/wp-json\/wp\/v2\/pages\/43"}],"wp:attachment":[{"href":"https:\/\/www.hospitalaustral.edu.ar\/plandesalud\/wp-json\/wp\/v2\/media?parent=115"}],"curies":[{"name":"wp","href":"https:\/\/api.w.org\/{rel}","templated":true}]}}