{"id":14,"date":"2016-02-24T15:57:13","date_gmt":"2016-02-24T18:57:13","guid":{"rendered":"http:\/\/www.hospitalaustral.edu.ar\/plandesalud\/?page_id=14"},"modified":"2020-03-18T11:45:54","modified_gmt":"2020-03-18T14:45:54","slug":"institucional","status":"publish","type":"page","link":"https:\/\/www.hospitalaustral.edu.ar\/plandesalud\/institucional\/","title":{"rendered":"Institucional"},"content":{"rendered":"<h2>Plan de Salud del Hospital Austral, la mejor protecci\u00f3n para su salud.<\/h2>\n<p>A la tecnolog\u00eda y calidez del Hospital Universitario Austral, le agregamos un grupo de m\u00e9dicos cl\u00ednicos y pediatras especializados en medicina preventiva que dise\u00f1aron un conjunto de cuidados que le posibilitar\u00e1n al socio disfrutar de la vida con la tranquilidad de saber que alguien se ocupa de su salud.<\/p>\n<p>Historia Cl\u00ednica informatizada y peri\u00f3dicas citaciones para controles en salud son los pilares de esta propuesta personalizada que, respaldada por el compromiso con la comunidad del Hospital Universitario Austral, pone al alcance de nuestros asociados un programa de atenci\u00f3n m\u00e9dica, a la altura de los principales centros de salud del mundo.<\/p>\n<p>Lo mejor del pasado se une con lo bueno del presente: El m\u00e9dico de la familia respaldado con la mejor tecnolog\u00eda.<\/p>\n<h2>Dimensiones de la atenci\u00f3n M\u00e9dico Primaria orientada a la familia.<\/h2>\n<h3>Gesti\u00f3n Poblacional centrado en la persona<\/h3>\n<p>Llevar adelante un modelo de atenci\u00f3n de la salud contin\u00fao basado en Promoci\u00f3n de la salud, Prevenci\u00f3n de la enfermedad y modelo de gesti\u00f3n de enfermedades cr\u00f3nicas y factores de riesgo.<\/p>\n<h3>Servicios de salud comunitarios<\/h3>\n<p>Compromiso de cuidados continuos de la salud en una comunidad, concibiendo a los afiliados de la salud como una \u201ccomunidad\u201d en quienes se protege la salud y el bienestar.<\/p>\n<h3>Atenci\u00f3n primaria orientada a la familia<\/h3>\n<p>Comprensi\u00f3n del proceso salud enfermedad en su contexto primario y la influencia reciproca del paciente y su familia de acuerdo a la etapa del ciclo vital que se encuentra, colaborando y reforzando la funcionalidad y los aspectos de cuidado de la salud en el \u00e1mbito familiar de las personas.<\/p>\n","protected":false},"excerpt":{"rendered":"<p>Plan de Salud del Hospital Austral, la mejor protecci\u00f3n para su salud. A la tecnolog\u00eda y calidez del Hospital Universitario Austral, le agregamos un grupo de m\u00e9dicos cl\u00ednicos y pediatras especializados en medicina preventiva que dise\u00f1aron un conjunto de cuidados [&hellip;]<\/p>\n","protected":false},"author":4,"featured_media":0,"parent":0,"menu_order":5,"comment_status":"closed","ping_status":"closed","template":"","meta":{"_acf_changed":false,"footnotes":""},"acf":[],"_links":{"self":[{"href":"https:\/\/www.hospitalaustral.edu.ar\/plandesalud\/wp-json\/wp\/v2\/pages\/14"}],"collection":[{"href":"https:\/\/www.hospitalaustral.edu.ar\/plandesalud\/wp-json\/wp\/v2\/pages"}],"about":[{"href":"https:\/\/www.hospitalaustral.edu.ar\/plandesalud\/wp-json\/wp\/v2\/types\/page"}],"author":[{"embeddable":true,"href":"https:\/\/www.hospitalaustral.edu.ar\/plandesalud\/wp-json\/wp\/v2\/users\/4"}],"replies":[{"embeddable":true,"href":"https:\/\/www.hospitalaustral.edu.ar\/plandesalud\/wp-json\/wp\/v2\/comments?post=14"}],"version-history":[{"count":8,"href":"https:\/\/www.hospitalaustral.edu.ar\/plandesalud\/wp-json\/wp\/v2\/pages\/14\/revisions"}],"predecessor-version":[{"id":2070,"href":"https:\/\/www.hospitalaustral.edu.ar\/plandesalud\/wp-json\/wp\/v2\/pages\/14\/revisions\/2070"}],"wp:attachment":[{"href":"https:\/\/www.hospitalaustral.edu.ar\/plandesalud\/wp-json\/wp\/v2\/media?parent=14"}],"curies":[{"name":"wp","href":"https:\/\/api.w.org\/{rel}","templated":true}]}}