{"id":2474,"date":"2022-05-09T09:00:17","date_gmt":"2022-05-09T12:00:17","guid":{"rendered":"https:\/\/www.hospitalaustral.edu.ar\/plandesalud\/?page_id=2474"},"modified":"2022-05-09T09:00:17","modified_gmt":"2022-05-09T12:00:17","slug":"como-incorporar-a-mi-hijo-a-recien-nacido-a-en-mi-plan","status":"publish","type":"page","link":"https:\/\/www.hospitalaustral.edu.ar\/plandesalud\/servicios\/preguntas-frecuentes\/como-incorporar-a-mi-hijo-a-recien-nacido-a-en-mi-plan\/","title":{"rendered":"\u00bfC\u00d3MO INCORPORAR A MI HIJO\/A RECI\u00c9N NACIDO\/A EN MI PLAN?"},"content":{"rendered":"<h2>Asociados al Plan de Salud del HOSPITAL UNIVERSITARIO AUSTRAL<\/h2>\n<p>En los primeros d\u00edas, en el Plan de Salud del Hospital Universitario Austral, atenderemos al beb\u00e9 con la credencial de la mam\u00e1 por 30 d\u00edas corridos. Luego deber\u00e1 estar incorporado a la cobertura; para ello, <strong>antes de los 30 d\u00edas corridos del nacimiento, deber\u00e1 realizar el tr\u00e1mite de incorporaci\u00f3n.<\/strong><\/p>\n<p><strong>Anote a su beb\u00e9 antes de los 30 d\u00edas corridos del nacimiento:<\/strong><\/p>\n<p>Si es su deseo que su beb\u00e9 contin\u00fae con su misma cobertura, en nuestro Plan de Salud, antes de los 30 d\u00edas corridos, deber\u00e1 comunicarnos su confirmaci\u00f3n:<\/p>\n<p>Para completar la Solicitud de Incorporaci\u00f3n, solamente necesitar\u00e1:<\/p>\n<ul>\n<li>Nombre y apellido del bebe o de la beba.<\/li>\n<li>Nro. de DNI.<\/li>\n<li>Peso y talla.<\/li>\n<\/ul>\n<p>Seguidamente, le brindamos opciones para que lo pueda realizar de la manera que le resulte m\u00e1s f\u00e1cil y c\u00f3moda:<\/p>\n<ol>\n<li><strong>Personalmente<\/strong>, en nuestra oficina de:<br \/>\n<strong>SUCURSAL PILAR<\/strong><br \/>\nTucum\u00e1n 641 &#8211; Pilar<\/li>\n<li><strong>Telef\u00f3nicamente<\/strong>, para solicitar la documentaci\u00f3n para completar:<br \/>\n<strong>ATENCI\u00d3N AL ASOCIADO:<\/strong><br \/>\nTel. (0230) 438-9993<br \/>\nLuego de enviar la documentaci\u00f3n por favor, comunicarse a los tel\u00e9fonos que figuran al pie de la firma para informarlo y que podamos realizar la gesti\u00f3n a la brevedad.<\/li>\n<li><strong>V\u00eda e-mail<\/strong>, para solicitar la documentaci\u00f3n para completar:<br \/>\n<a href=\"mailto:australsaludcontacto@cas.austral.edu.ar\">australsaludcontacto@cas.austral.edu.ar<\/a><br \/>\nLuego de enviar la documentaci\u00f3n por favor, comunicarse a los tel\u00e9fonos que figuran al pie de la firma para informarlo y que podamos realizar la gesti\u00f3n a la brevedad.<\/li>\n<\/ol>\n","protected":false},"excerpt":{"rendered":"<p>Asociados al Plan de Salud del HOSPITAL UNIVERSITARIO AUSTRAL En los primeros d\u00edas, en el Plan de Salud del Hospital Universitario Austral, atenderemos al beb\u00e9 con la credencial de la mam\u00e1 por 30 d\u00edas corridos. Luego deber\u00e1 estar incorporado a [&hellip;]<\/p>\n","protected":false},"author":4,"featured_media":0,"parent":50,"menu_order":0,"comment_status":"closed","ping_status":"closed","template":"","meta":{"_acf_changed":false,"footnotes":""},"acf":[],"_links":{"self":[{"href":"https:\/\/www.hospitalaustral.edu.ar\/plandesalud\/wp-json\/wp\/v2\/pages\/2474"}],"collection":[{"href":"https:\/\/www.hospitalaustral.edu.ar\/plandesalud\/wp-json\/wp\/v2\/pages"}],"about":[{"href":"https:\/\/www.hospitalaustral.edu.ar\/plandesalud\/wp-json\/wp\/v2\/types\/page"}],"author":[{"embeddable":true,"href":"https:\/\/www.hospitalaustral.edu.ar\/plandesalud\/wp-json\/wp\/v2\/users\/4"}],"replies":[{"embeddable":true,"href":"https:\/\/www.hospitalaustral.edu.ar\/plandesalud\/wp-json\/wp\/v2\/comments?post=2474"}],"version-history":[{"count":2,"href":"https:\/\/www.hospitalaustral.edu.ar\/plandesalud\/wp-json\/wp\/v2\/pages\/2474\/revisions"}],"predecessor-version":[{"id":2476,"href":"https:\/\/www.hospitalaustral.edu.ar\/plandesalud\/wp-json\/wp\/v2\/pages\/2474\/revisions\/2476"}],"up":[{"embeddable":true,"href":"https:\/\/www.hospitalaustral.edu.ar\/plandesalud\/wp-json\/wp\/v2\/pages\/50"}],"wp:attachment":[{"href":"https:\/\/www.hospitalaustral.edu.ar\/plandesalud\/wp-json\/wp\/v2\/media?parent=2474"}],"curies":[{"name":"wp","href":"https:\/\/api.w.org\/{rel}","templated":true}]}}