{"id":2848,"date":"2023-05-06T11:21:30","date_gmt":"2023-05-06T14:21:30","guid":{"rendered":"https:\/\/www.hospitalaustral.edu.ar\/plandesalud\/?page_id=2848"},"modified":"2023-05-29T19:10:28","modified_gmt":"2023-05-29T22:10:28","slug":"credencial-digital","status":"publish","type":"page","link":"https:\/\/www.hospitalaustral.edu.ar\/plandesalud\/servicios\/credencial-digital\/","title":{"rendered":"Credencial digital"},"content":{"rendered":"<p><img loading=\"lazy\" decoding=\"async\" class=\"alignnone wp-image-2872\" src=\"https:\/\/www.hospitalaustral.edu.ar\/plandesalud\/wp-content\/uploads\/2023\/05\/image-header-credencial-digital-630x240px.jpg\" alt=\"Credencial Digital - Plan de Salud Hospital Austral\" width=\"983\" height=\"374\" srcset=\"https:\/\/www.hospitalaustral.edu.ar\/plandesalud\/wp-content\/uploads\/2023\/05\/image-header-credencial-digital-630x240px.jpg 630w, https:\/\/www.hospitalaustral.edu.ar\/plandesalud\/wp-content\/uploads\/2023\/05\/image-header-credencial-digital-630x240px-300x114.jpg 300w\" sizes=\"(max-width: 983px) 100vw, 983px\" \/><\/p>\n<h2>TRANSFORM\u00c1 TUS GESTIONES DE SALUD EN M\u00c1S SIMPLES Y EFICIENTES.<\/h2>\n<p>La Credencial Digital del Plan de Salud est\u00e1 disponible para los usuarios de iOS y ANDROID.<br \/>\nA continuaci\u00f3n, te brindamos las opciones para ingresar y descargarla f\u00e1cilmente.<\/p>\n<hr \/>\n\n<h3>Play Store (Android)<\/h3>\n<p>Ingresando en este <a href=\"https:\/\/play.google.com\/store\/apps\/details?id=hms.cd.austral_prod&amp;hl=es-419&amp;pli=1\" target=\"_blank\" rel=\"noopener noreferrer\"><strong>link pod\u00e9s descargar la APP Credencial Digital<\/strong><\/a>, en Google Play Store: Descargar la APP Credencial Digital, o bien escane\u00e1 el c\u00f3digo QR.<\/p>\n<p><img loading=\"lazy\" decoding=\"async\" class=\"alignnone wp-image-2883 size-thumbnail\" src=\"https:\/\/www.hospitalaustral.edu.ar\/plandesalud\/wp-content\/uploads\/2023\/05\/qr-playstore-01-150x150.png\" alt=\"QR Code - Credencial Digital Plan de Salud Hospital Austral - Google Play Store Android\" width=\"150\" height=\"150\" srcset=\"https:\/\/www.hospitalaustral.edu.ar\/plandesalud\/wp-content\/uploads\/2023\/05\/qr-playstore-01-150x150.png 150w, https:\/\/www.hospitalaustral.edu.ar\/plandesalud\/wp-content\/uploads\/2023\/05\/qr-playstore-01-300x300.png 300w, https:\/\/www.hospitalaustral.edu.ar\/plandesalud\/wp-content\/uploads\/2023\/05\/qr-playstore-01-768x768.png 768w, https:\/\/www.hospitalaustral.edu.ar\/plandesalud\/wp-content\/uploads\/2023\/05\/qr-playstore-01.png 1007w\" sizes=\"(max-width: 150px) 100vw, 150px\" \/><\/p>\n<hr \/>\n\n<h3>Apple Store (iOS)<\/h3>\n<p>Ingresando en este <a href=\"https:\/\/apps.apple.com\/ca\/app\/credencial-digital-austral\/id1663951186?platform=iphone\" target=\"_blank\" rel=\"noopener noreferrer\"><strong>link pod\u00e9s descargar la APP Credencial Digital<\/strong><\/a>, en Apple Store: Descargar la APP Credencial Digital, o bien escane\u00e1 el c\u00f3digo QR.<\/p>\n<p><img loading=\"lazy\" decoding=\"async\" class=\"wp-image-2884 size-thumbnail alignnone\" src=\"https:\/\/www.hospitalaustral.edu.ar\/plandesalud\/wp-content\/uploads\/2023\/05\/qr-apple-store-01-150x150.png\" alt=\"QR Code - Credencial Digital Plan de Salud Hospital Austral - Apple Store iOS\" width=\"150\" height=\"150\" srcset=\"https:\/\/www.hospitalaustral.edu.ar\/plandesalud\/wp-content\/uploads\/2023\/05\/qr-apple-store-01-150x150.png 150w, https:\/\/www.hospitalaustral.edu.ar\/plandesalud\/wp-content\/uploads\/2023\/05\/qr-apple-store-01-300x300.png 300w, https:\/\/www.hospitalaustral.edu.ar\/plandesalud\/wp-content\/uploads\/2023\/05\/qr-apple-store-01-768x768.png 768w, https:\/\/www.hospitalaustral.edu.ar\/plandesalud\/wp-content\/uploads\/2023\/05\/qr-apple-store-01.png 1007w\" sizes=\"(max-width: 150px) 100vw, 150px\" \/><\/p>\n\n<hr \/>\n\n<h2>\u00bfC\u00f3mo puedo empezar a usar mi Credencial Digital del Plan de Salud?<\/h2>\n<p>Para registrarte f\u00e1cilmente, incluimos un <a href=\"https:\/\/www.hospitalaustral.edu.ar\/plandesalud\/Iinstructivo-app-credencial.pdf\" target=\"_blank\" rel=\"noopener noreferrer\"><strong>instructivo<\/strong><\/a> en esta comunicaci\u00f3n:<br \/>\n<a href=\"https:\/\/www.hospitalaustral.edu.ar\/plandesalud\/Iinstructivo-app-credencial.pdf\" target=\"_blank\" rel=\"noopener noreferrer\"><strong>Para visualizar el instructivo hac\u00e9 click aqu\u00ed.<\/strong><\/a><\/p>\n<h2>Ventajas Operativas de la Credencial Digital del Plan de Salud<\/h2>\n<ul>\n<li>Acredita tu calidad de asociado\/a a nuestro Plan de Salud y puede ser presentada\u00a0ante todos los profesionales e instituciones de la Cartilla M\u00e9dica.<\/li>\n<li>Gestiona la Admisi\u00f3n a una Consulta M\u00e9dica programada en forma m\u00e1s \u00e1gil y r\u00e1pida.<\/li>\n<li>Visualiza las credenciales de todo el grupo familiar para el titular y su c\u00f3nyuge.<\/li>\n<li>Acceso a los n\u00fameros telef\u00f3nicos del Plan de Salud en la opci\u00f3n \u201cContacto\u201d.<\/li>\n<\/ul>\n\n<hr \/>\n<p><strong>Nota Importante:<\/strong><br \/>\nPor todas las ventajas operativas que brinda el uso de la Credencial Digital del Plan de Salud, no se emitir\u00e1n m\u00e1s credenciales f\u00edsicas. Por ello, recordamos que, en caso de necesitarlo, se puede descargar una credencial provisoria en el <strong><a href=\"https:\/\/portal.hospitalaustral.edu.ar\/login\/Login\" target=\"_blank\" rel=\"noopener noreferrer\">Portal de Pacientes<\/a><\/strong>.<\/p>\n","protected":false},"excerpt":{"rendered":"<p>TRANSFORM\u00c1 TUS GESTIONES DE SALUD EN M\u00c1S SIMPLES Y EFICIENTES. La Credencial Digital del Plan de Salud est\u00e1 disponible para los usuarios de iOS y ANDROID. A continuaci\u00f3n, te brindamos las opciones para ingresar y descargarla f\u00e1cilmente. Play Store (Android) [&hellip;]<\/p>\n","protected":false},"author":4,"featured_media":0,"parent":43,"menu_order":6,"comment_status":"closed","ping_status":"closed","template":"","meta":{"_acf_changed":false,"footnotes":""},"acf":[],"_links":{"self":[{"href":"https:\/\/www.hospitalaustral.edu.ar\/plandesalud\/wp-json\/wp\/v2\/pages\/2848"}],"collection":[{"href":"https:\/\/www.hospitalaustral.edu.ar\/plandesalud\/wp-json\/wp\/v2\/pages"}],"about":[{"href":"https:\/\/www.hospitalaustral.edu.ar\/plandesalud\/wp-json\/wp\/v2\/types\/page"}],"author":[{"embeddable":true,"href":"https:\/\/www.hospitalaustral.edu.ar\/plandesalud\/wp-json\/wp\/v2\/users\/4"}],"replies":[{"embeddable":true,"href":"https:\/\/www.hospitalaustral.edu.ar\/plandesalud\/wp-json\/wp\/v2\/comments?post=2848"}],"version-history":[{"count":28,"href":"https:\/\/www.hospitalaustral.edu.ar\/plandesalud\/wp-json\/wp\/v2\/pages\/2848\/revisions"}],"predecessor-version":[{"id":2885,"href":"https:\/\/www.hospitalaustral.edu.ar\/plandesalud\/wp-json\/wp\/v2\/pages\/2848\/revisions\/2885"}],"up":[{"embeddable":true,"href":"https:\/\/www.hospitalaustral.edu.ar\/plandesalud\/wp-json\/wp\/v2\/pages\/43"}],"wp:attachment":[{"href":"https:\/\/www.hospitalaustral.edu.ar\/plandesalud\/wp-json\/wp\/v2\/media?parent=2848"}],"curies":[{"name":"wp","href":"https:\/\/api.w.org\/{rel}","templated":true}]}}