{"id":3185,"date":"2024-06-18T18:20:23","date_gmt":"2024-06-18T21:20:23","guid":{"rendered":"https:\/\/www.hospitalaustral.edu.ar\/plandesalud\/?page_id=3185"},"modified":"2024-09-17T12:33:37","modified_gmt":"2024-09-17T15:33:37","slug":"clasico-4040","status":"publish","type":"page","link":"https:\/\/www.hospitalaustral.edu.ar\/plandesalud\/clasico-4040\/","title":{"rendered":"Plan Cl\u00e1sico 4040"},"content":{"rendered":"<p><img loading=\"lazy\" decoding=\"async\" class=\"aligncenter wp-image-3196 size-full\" src=\"https:\/\/www.hospitalaustral.edu.ar\/plandesalud\/wp-content\/uploads\/2024\/06\/header-clasico-4040.jpg\" alt=\"Planes de Salud - Hospital Austral - Plan Cl\u00e1sico 4040\" width=\"1200\" height=\"570\" srcset=\"https:\/\/www.hospitalaustral.edu.ar\/plandesalud\/wp-content\/uploads\/2024\/06\/header-clasico-4040.jpg 1200w, https:\/\/www.hospitalaustral.edu.ar\/plandesalud\/wp-content\/uploads\/2024\/06\/header-clasico-4040-300x143.jpg 300w, https:\/\/www.hospitalaustral.edu.ar\/plandesalud\/wp-content\/uploads\/2024\/06\/header-clasico-4040-1024x486.jpg 1024w, https:\/\/www.hospitalaustral.edu.ar\/plandesalud\/wp-content\/uploads\/2024\/06\/header-clasico-4040-768x365.jpg 768w\" sizes=\"(max-width: 1200px) 100vw, 1200px\" \/><\/p>\n<h2>BENEFICIOS DE NUESTROS PLANES<\/h2>\n<h3><img loading=\"lazy\" decoding=\"async\" class=\"aligncenter wp-image-3198 size-full\" src=\"https:\/\/www.hospitalaustral.edu.ar\/plandesalud\/wp-content\/uploads\/2024\/06\/beneficios-nuestros-planes-clasico.jpg\" alt=\"Hospital Universitario Austral - Plan de Salud - Plan Cl\u00e1sico 4040\" width=\"1200\" height=\"268\" srcset=\"https:\/\/www.hospitalaustral.edu.ar\/plandesalud\/wp-content\/uploads\/2024\/06\/beneficios-nuestros-planes-clasico.jpg 1200w, https:\/\/www.hospitalaustral.edu.ar\/plandesalud\/wp-content\/uploads\/2024\/06\/beneficios-nuestros-planes-clasico-300x67.jpg 300w, https:\/\/www.hospitalaustral.edu.ar\/plandesalud\/wp-content\/uploads\/2024\/06\/beneficios-nuestros-planes-clasico-1024x229.jpg 1024w, https:\/\/www.hospitalaustral.edu.ar\/plandesalud\/wp-content\/uploads\/2024\/06\/beneficios-nuestros-planes-clasico-768x172.jpg 768w\" sizes=\"(max-width: 1200px) 100vw, 1200px\" \/><br \/>\nPRIORIDAD<\/h3>\n<p>En los Servicios del Hospital Universitario Austral<br \/>\n(Internaci\u00f3n, Im\u00e1genes, Laboratorio).<\/p>\n<h3>SERVICIOS ONLINE<\/h3>\n<p>Gesti\u00f3n de turnos y resultados de estudios.<br \/>\nSolicitud de autorizaciones y reintegros.<\/p>\n<h3>TELEMEDICINA<\/h3>\n<p>Guardia Virtual.<br \/>\nConsulta Virtual Programada con M\u00e9dicos Cl\u00ednicos, Pediatras o Especialistas.<\/p>\n<h3>CONSULTORIOS EXTERNOS DEL HOSPITAL UNIVERSITARIO AUSTRAL<\/h3>\n<p>Atendidos por profesionales del Staff M\u00e9dico del Hospital en:<\/p>\n<ul>\n<li>Escobar<\/li>\n<li>Luj\u00e1n<\/li>\n<li>Pilar (Paseo Champagnat y Centro de Especialidad Officia)<\/li>\n<li>San Miguel<\/li>\n<\/ul>\n<h3>M\u00c1S OPCIONES Y LUGARES DE ATENCI\u00d3N<\/h3>\n<p>Profesionales y Centros M\u00e9dicos externos adheridos, en diferentes zonas<br \/>\nde Capital y Gran Buenos Aires.<\/p>\n<h3>APP CREDENCIAL DIGITAL<\/h3>\n<p>Para hacer m\u00e1s f\u00e1ciles y eficientes las gestiones de salud.<\/p>\n<h3>REINTEGROS<\/h3>\n<p>En Consultas M\u00e9dicas y Estudios de Diagn\u00f3stico, ambulatorios (1).<br \/>\nOdontolog\u00eda General por Reintegro (2).<\/p>\n<h3>SEGURO DE CONTINUIDAD<\/h3>\n<p>12 meses sin cargo (3).<br \/>\n<img loading=\"lazy\" decoding=\"async\" class=\"aligncenter size-full wp-image-3199\" src=\"https:\/\/www.hospitalaustral.edu.ar\/plandesalud\/wp-content\/uploads\/2024\/06\/image-filete-verde-01.jpg\" alt=\"Filete verde\" width=\"1600\" height=\"120\" srcset=\"https:\/\/www.hospitalaustral.edu.ar\/plandesalud\/wp-content\/uploads\/2024\/06\/image-filete-verde-01.jpg 1600w, https:\/\/www.hospitalaustral.edu.ar\/plandesalud\/wp-content\/uploads\/2024\/06\/image-filete-verde-01-300x23.jpg 300w, https:\/\/www.hospitalaustral.edu.ar\/plandesalud\/wp-content\/uploads\/2024\/06\/image-filete-verde-01-1024x77.jpg 1024w, https:\/\/www.hospitalaustral.edu.ar\/plandesalud\/wp-content\/uploads\/2024\/06\/image-filete-verde-01-768x58.jpg 768w, https:\/\/www.hospitalaustral.edu.ar\/plandesalud\/wp-content\/uploads\/2024\/06\/image-filete-verde-01-1536x115.jpg 1536w\" sizes=\"(max-width: 1600px) 100vw, 1600px\" \/><\/p>\n<h2>BENEFICIOS DESDE CUALQUIER LUGAR DEL MUNDO<\/h2>\n<p><img loading=\"lazy\" decoding=\"async\" class=\"aligncenter wp-image-3202 size-full\" src=\"https:\/\/www.hospitalaustral.edu.ar\/plandesalud\/wp-content\/uploads\/2024\/06\/beneficios-mundo-clasico.jpg\" alt=\"Hospital Universitario Austral - Plan de Salud - Plan Cl\u00e1sico 4040\" width=\"1200\" height=\"268\" srcset=\"https:\/\/www.hospitalaustral.edu.ar\/plandesalud\/wp-content\/uploads\/2024\/06\/beneficios-mundo-clasico.jpg 1200w, https:\/\/www.hospitalaustral.edu.ar\/plandesalud\/wp-content\/uploads\/2024\/06\/beneficios-mundo-clasico-300x67.jpg 300w, https:\/\/www.hospitalaustral.edu.ar\/plandesalud\/wp-content\/uploads\/2024\/06\/beneficios-mundo-clasico-1024x229.jpg 1024w, https:\/\/www.hospitalaustral.edu.ar\/plandesalud\/wp-content\/uploads\/2024\/06\/beneficios-mundo-clasico-768x172.jpg 768w\" sizes=\"(max-width: 1200px) 100vw, 1200px\" \/><\/p>\n<h3>COBERTURA NACIONAL E INTERNACIONAL<\/h3>\n<p>Asistencia al Viajero incluida, a trav\u00e9s de Universal Assistance,<br \/>\nlas 24 horas, todos los d\u00edas del a\u00f1o y hasta 60 d\u00edas por viaje.<\/p>\n<h3>APP DE ASISTENCIA AL VIAJERO<\/h3>\n<p>Para solicitar asistencia e informaci\u00f3n.<\/p>\n<h3>CONSULTA VIRTUAL DE MEDICINA DEL VIAJERO<\/h3>\n<p>Con profesionales del Hospital Universitario Austral para la prevenci\u00f3n,<br \/>\nde acuerdo al lugar de destino.<\/p>\n<h3>GUARDIA VIRTUAL<\/h3>\n<p>Con profesionales del Hospital Universitario Austral para consultas m\u00e9dicas<br \/>\npor s\u00edntomas leves, desde cualquier lugar del mundo.<\/p>\n<h3>CONSULTA VIRTUAL PROGRAMADA<\/h3>\n<p>Con el m\u00e9dico de cabecera, con el pediatra, o especialista, desde cualquier<br \/>\nlugar del mundo.<\/p>\n<p><img loading=\"lazy\" decoding=\"async\" class=\"aligncenter size-full wp-image-3199\" src=\"https:\/\/www.hospitalaustral.edu.ar\/plandesalud\/wp-content\/uploads\/2024\/06\/image-filete-verde-01.jpg\" alt=\"Filete verde\" width=\"1600\" height=\"120\" srcset=\"https:\/\/www.hospitalaustral.edu.ar\/plandesalud\/wp-content\/uploads\/2024\/06\/image-filete-verde-01.jpg 1600w, https:\/\/www.hospitalaustral.edu.ar\/plandesalud\/wp-content\/uploads\/2024\/06\/image-filete-verde-01-300x23.jpg 300w, https:\/\/www.hospitalaustral.edu.ar\/plandesalud\/wp-content\/uploads\/2024\/06\/image-filete-verde-01-1024x77.jpg 1024w, https:\/\/www.hospitalaustral.edu.ar\/plandesalud\/wp-content\/uploads\/2024\/06\/image-filete-verde-01-768x58.jpg 768w, https:\/\/www.hospitalaustral.edu.ar\/plandesalud\/wp-content\/uploads\/2024\/06\/image-filete-verde-01-1536x115.jpg 1536w\" sizes=\"(max-width: 1600px) 100vw, 1600px\" \/><\/p>\n<h2>BENEFICIOS Y PRESTACIONES &#8211; POR RUBRO<\/h2>\n<p><img loading=\"lazy\" decoding=\"async\" class=\"aligncenter size-full wp-image-3203\" src=\"https:\/\/www.hospitalaustral.edu.ar\/plandesalud\/wp-content\/uploads\/2024\/06\/beneficios-y-prestaciones-clasico.jpg\" alt=\"Hospital Universitario Austral - Plan de Salud - Plan Cl\u00e1sico 4040\" width=\"1200\" height=\"268\" srcset=\"https:\/\/www.hospitalaustral.edu.ar\/plandesalud\/wp-content\/uploads\/2024\/06\/beneficios-y-prestaciones-clasico.jpg 1200w, https:\/\/www.hospitalaustral.edu.ar\/plandesalud\/wp-content\/uploads\/2024\/06\/beneficios-y-prestaciones-clasico-300x67.jpg 300w, https:\/\/www.hospitalaustral.edu.ar\/plandesalud\/wp-content\/uploads\/2024\/06\/beneficios-y-prestaciones-clasico-1024x229.jpg 1024w, https:\/\/www.hospitalaustral.edu.ar\/plandesalud\/wp-content\/uploads\/2024\/06\/beneficios-y-prestaciones-clasico-768x172.jpg 768w\" sizes=\"(max-width: 1200px) 100vw, 1200px\" \/><\/p>\n<h3>CONSULTAS M\u00c9DICAS<\/h3>\n<h4>Consultas con Profesionales de Cl\u00ednica M\u00e9dica y Pediatr\u00eda.<\/h4>\n<p>Ambulatorias y en Urgencia.<br \/>\nEn Domicilio (con copago).<br \/>\nPor Reintegro (1).<\/p>\n<h4>Consultas con M\u00e9dicos Especialistas.<\/h4>\n<p>Ambulatorias y en Urgencia.<br \/>\nEn Domicilio (con copago).<br \/>\nPor Reintegro (1).<\/p>\n<h3>ESTUDIOS Y PR\u00c1CTICAS DE DIAGN\u00d3STICO Y TRATAMIENTO<\/h3>\n<p>Ambulatorias y en Internaci\u00f3n.<br \/>\nEstudios Ambulatorios por Reintegro (1).<\/p>\n<h3>INTERNACI\u00d3N<\/h3>\n<p>Servicios de Internaci\u00f3n Cl\u00ednica y Quir\u00fargica.<br \/>\nHonorarios en Internaci\u00f3n Cl\u00ednica y Quir\u00fargica.<br \/>\nPensi\u00f3n Sanatorial Habitaci\u00f3n Individual.<br \/>\nAcompa\u00f1ante en Internaci\u00f3n hasta 3 d\u00edas sin cargo (sin l\u00edmite de edad).<br \/>\nAcompa\u00f1ante en Internaci\u00f3n sin cargo (hasta los 17 a\u00f1os de edad).<br \/>\nTerapia Intensiva y Unidad Coronaria.<br \/>\nPr\u00f3tesis Nacionales 100 % seg\u00fan P.M.O. (Plan M\u00e9dico Obligat.).<\/p>\n<h3>MATERNIDAD<\/h3>\n<p>Cobertura global.<br \/>\nAcompa\u00f1ante en Internaci\u00f3n hasta 3 d\u00edas sin cargo.<br \/>\nEcograf\u00eda 4D.<br \/>\nEcograf\u00eda Morfol\u00f3gica E1 \u00f3 E2.<br \/>\nCurso Pre-Parto.<\/p>\n<h3>REHABILITACI\u00d3N<\/h3>\n<p>Kinesioterapia, Fisioterapia. Hasta 35 sesiones por a\u00f1o por persona.<br \/>\nKinesiolog\u00eda a Domicilio (por Reintegro). Incluido en tope de Kinesiolog\u00eda.<br \/>\nFonoaudiolog\u00eda. Hasta 35 sesiones por a\u00f1o por persona.<br \/>\nNeuroling\u00fc\u00edstica (con copago). Incluido en tope de Fonoaudiolog\u00eda.<\/p>\n<h3>SALUD MENTAL<\/h3>\n<p>Consultas (con copago). Hasta 40 sesiones por a\u00f1o, por persona.<br \/>\nInternaci\u00f3n Psiqui\u00e1trica. S\u00f3lo patolog\u00edas agudas. 30 d\u00edas.<\/p>\n<h3>TRASPLANTES<\/h3>\n<p>Estudios pre y post trasplantes.<br \/>\nTrasplantes.<\/p>\n<h3>ORTESIS<\/h3>\n<p>M\u00f3dulo Opcional Ortesis (incluido en este Plan).<\/p>\n<h3>OFTALMOLOG\u00cdA<\/h3>\n<p>Cirug\u00eda de Cataratas.<br \/>\nCirug\u00eda L\u00e1ser Oft\u00e1lmica.<\/p>\n<h3>\u00d3PTICA<\/h3>\n<p>1 par de anteojos est\u00e1ndar o de lentes de contacto est\u00e1ndar.<br \/>\nCobertura por Reintegro.<\/p>\n<h3>TRATAMIENTO ESCLEROSANTE<\/h3>\n<p>Medicaci\u00f3n con descuento de credencial 40 %.<br \/>\n12 sesiones por \u00fanica vez.<\/p>\n<h3>MEDICAMENTOS Y MATERIAL DESCARTABLE<\/h3>\n<p>En Pr\u00e1cticas Ambulatorias y en Internaci\u00f3n: Cobertura 100 %.<br \/>\nDescuento por Medicamentos en Farmacias Adheridas: 40 %.<br \/>\nDescuento (Resoluci\u00f3n 310): 70 %.<br \/>\nMedicamentos Plan Materno Infantil en Farmacias Adheridas: 100 %.<br \/>\nMedicamentos Oncol\u00f3gicos: Cobertura 100 %.<\/p>\n<h3>VACUNAS<\/h3>\n<p>Vacunas Obligatorias (Calendario de Vacunaci\u00f3n): Cobertura 100 %.<br \/>\nVacunas Especiales: Descuento del 40 %.<\/p>\n<h3>ODONTOLOG\u00cdA<\/h3>\n<p>Odontolog\u00eda General.<br \/>\nOdontolog\u00eda General por Reintegro (2).<br \/>\nOrtodoncia por Reintegro. Cubre un tratamiento de por vida. Hasta los 25 a\u00f1os de edad.<br \/>\nPr\u00f3tesis Odontol\u00f3gicas por Reintegro. Sin l\u00edmite de edad, por a\u00f1o, por persona.<\/p>\n<p><img loading=\"lazy\" decoding=\"async\" class=\"aligncenter size-full wp-image-3199\" src=\"https:\/\/www.hospitalaustral.edu.ar\/plandesalud\/wp-content\/uploads\/2024\/06\/image-filete-verde-01.jpg\" alt=\"Filete verde\" width=\"1600\" height=\"120\" srcset=\"https:\/\/www.hospitalaustral.edu.ar\/plandesalud\/wp-content\/uploads\/2024\/06\/image-filete-verde-01.jpg 1600w, https:\/\/www.hospitalaustral.edu.ar\/plandesalud\/wp-content\/uploads\/2024\/06\/image-filete-verde-01-300x23.jpg 300w, https:\/\/www.hospitalaustral.edu.ar\/plandesalud\/wp-content\/uploads\/2024\/06\/image-filete-verde-01-1024x77.jpg 1024w, https:\/\/www.hospitalaustral.edu.ar\/plandesalud\/wp-content\/uploads\/2024\/06\/image-filete-verde-01-768x58.jpg 768w, https:\/\/www.hospitalaustral.edu.ar\/plandesalud\/wp-content\/uploads\/2024\/06\/image-filete-verde-01-1536x115.jpg 1536w\" sizes=\"(max-width: 1600px) 100vw, 1600px\" \/><\/p>\n<h2>M\u00d3DULOS OPCIONALES &#8211; PARA AGREGAR DE ACUERDO AL PLAN<\/h2>\n\n<p>El Plan Cl\u00e1sico 4040 brinda la posibilidad de agregar los M\u00f3dulos M1 y M3. El M2 est\u00e1 incluido en el Plan.<\/p>\n<h3>M1 M\u00f3dulo Pr\u00f3tesis e Implantes Traumatol\u00f3gicos, Auditivos y Cardiol\u00f3gicos:<\/h3>\n<p>Garantiza la cobertura al 100 % en pr\u00f3tesis importadas.<\/p>\n<h3>M2 M\u00f3dulo Ortesis (incluido en este Plan):<\/h3>\n<p>Garantiza la cobertura extra del 50 % que cubre el P.M.O. (Plan M\u00e9dico Obligatorio).<\/p>\n<h3>M3 M\u00f3dulo Cirug\u00eda Est\u00e9tica:<\/h3>\n<p>Garantiza la cobertura de una intervenci\u00f3n quir\u00fargica en el Hospital Universitario Austral (\u00fanicamente) y cada tres<br \/>\na\u00f1os, seg\u00fan el Nomenclador del Plan de Salud. Rige \u00fanicamente para asociados mayores de edad.<\/p>\n<p>El m\u00f3dulo adquirido se extiende a todos los integrantes del grupo familiar asociado al Plan. Estos m\u00f3dulos requieren<br \/>\npermanencia m\u00ednima de 12 meses.<\/p>\n<p><img loading=\"lazy\" decoding=\"async\" class=\"aligncenter size-full wp-image-3199\" src=\"https:\/\/www.hospitalaustral.edu.ar\/plandesalud\/wp-content\/uploads\/2024\/06\/image-filete-verde-01.jpg\" alt=\"Filete verde\" width=\"1600\" height=\"120\" srcset=\"https:\/\/www.hospitalaustral.edu.ar\/plandesalud\/wp-content\/uploads\/2024\/06\/image-filete-verde-01.jpg 1600w, https:\/\/www.hospitalaustral.edu.ar\/plandesalud\/wp-content\/uploads\/2024\/06\/image-filete-verde-01-300x23.jpg 300w, https:\/\/www.hospitalaustral.edu.ar\/plandesalud\/wp-content\/uploads\/2024\/06\/image-filete-verde-01-1024x77.jpg 1024w, https:\/\/www.hospitalaustral.edu.ar\/plandesalud\/wp-content\/uploads\/2024\/06\/image-filete-verde-01-768x58.jpg 768w, https:\/\/www.hospitalaustral.edu.ar\/plandesalud\/wp-content\/uploads\/2024\/06\/image-filete-verde-01-1536x115.jpg 1536w\" sizes=\"(max-width: 1600px) 100vw, 1600px\" \/><\/p>\n<h2>NOTAS Y REFERENCIAS<\/h2>\n<p>&#8211; Los topes y l\u00edmites son por a\u00f1o calendario.<br \/>\n&#8211; Consultas en Domicilio: Profesionales del Servicio de Urgencia Domiciliaria.<br \/>\n&#8211; Prestaciones con Reintegro: Consultar valores de reintegros vigentes.<br \/>\n&#8211; Ecograf\u00eda 4D (una por embarazo), Ecograf\u00eda Morfol\u00f3gica (E1 \u00f3 E2)<br \/>\n(una por embarazo) y Curso Pre-Parto (uno por embarazo).<br \/>\n&#8211; \u00d3ptica: Por a\u00f1o y por persona. No cubre lentes t\u00f3ricas ni cil\u00edndricas.<br \/>\n&#8211; Cirug\u00eda L\u00e1ser Oft\u00e1lmica (sujeto a dioptr\u00edas).<br \/>\n&#8211; Tratamiento Esclerosante (excluye t\u00e9cnica L\u00e1ser).<br \/>\n(1) Reintegro de hasta 10 consultas por a\u00f1o y por persona (el total comprende<br \/>\nConsultas y Estudios Ambulatorios; excluye Consultas Ginecol\u00f3gicas).<br \/>\n(2) Reintegro de hasta 6 consultas por a\u00f1o y por persona.<br \/>\n(3) En caso de fallecimiento del titular. No habiendo cuotas anteriores impagas,<br \/>\nseg\u00fan Reglamento vigente y para asociados menores a 60 a\u00f1os.<\/p>\n<h2>TIEMPOS DE ESPERA &#8211; PARA RECIBIR EL BENEFICIO<\/h2>\n<p>6 Meses: Internaci\u00f3n Programada. Cirug\u00eda Programada. Pr\u00f3tesis Quir\u00fargicas.<br \/>\nPr\u00f3tesis e Implantes Odontol\u00f3gicos. Ortodoncia. Salud Mental.<br \/>\n10 meses: Maternidad.<br \/>\n12 meses: Cirug\u00eda L\u00e1ser Oft\u00e1lmica. Tratamiento Esclerosante Miembros Inferiores.<br \/>\nM\u00f3dulo Ortesis. M\u00f3dulo Opcional Pr\u00f3tesis Quir\u00fargicas Importadas.<br \/>\n24 meses: M\u00f3dulo Opcional Cirug\u00eda Est\u00e9tica.<\/p>\n<p><img loading=\"lazy\" decoding=\"async\" class=\"aligncenter size-full wp-image-3199\" src=\"https:\/\/www.hospitalaustral.edu.ar\/plandesalud\/wp-content\/uploads\/2024\/06\/image-filete-verde-01.jpg\" alt=\"Filete verde\" width=\"1600\" height=\"120\" srcset=\"https:\/\/www.hospitalaustral.edu.ar\/plandesalud\/wp-content\/uploads\/2024\/06\/image-filete-verde-01.jpg 1600w, https:\/\/www.hospitalaustral.edu.ar\/plandesalud\/wp-content\/uploads\/2024\/06\/image-filete-verde-01-300x23.jpg 300w, https:\/\/www.hospitalaustral.edu.ar\/plandesalud\/wp-content\/uploads\/2024\/06\/image-filete-verde-01-1024x77.jpg 1024w, https:\/\/www.hospitalaustral.edu.ar\/plandesalud\/wp-content\/uploads\/2024\/06\/image-filete-verde-01-768x58.jpg 768w, https:\/\/www.hospitalaustral.edu.ar\/plandesalud\/wp-content\/uploads\/2024\/06\/image-filete-verde-01-1536x115.jpg 1536w\" sizes=\"(max-width: 1600px) 100vw, 1600px\" \/><\/p>\n","protected":false},"excerpt":{"rendered":"<p>BENEFICIOS DE NUESTROS PLANES PRIORIDAD En los Servicios del Hospital Universitario Austral (Internaci\u00f3n, Im\u00e1genes, Laboratorio). SERVICIOS ONLINE Gesti\u00f3n de turnos y resultados de estudios. Solicitud de autorizaciones y reintegros. TELEMEDICINA Guardia Virtual. Consulta Virtual Programada con M\u00e9dicos Cl\u00ednicos, Pediatras o [&hellip;]<\/p>\n","protected":false},"author":4,"featured_media":0,"parent":0,"menu_order":1,"comment_status":"closed","ping_status":"closed","template":"","meta":{"_acf_changed":false,"footnotes":""},"acf":[],"_links":{"self":[{"href":"https:\/\/www.hospitalaustral.edu.ar\/plandesalud\/wp-json\/wp\/v2\/pages\/3185"}],"collection":[{"href":"https:\/\/www.hospitalaustral.edu.ar\/plandesalud\/wp-json\/wp\/v2\/pages"}],"about":[{"href":"https:\/\/www.hospitalaustral.edu.ar\/plandesalud\/wp-json\/wp\/v2\/types\/page"}],"author":[{"embeddable":true,"href":"https:\/\/www.hospitalaustral.edu.ar\/plandesalud\/wp-json\/wp\/v2\/users\/4"}],"replies":[{"embeddable":true,"href":"https:\/\/www.hospitalaustral.edu.ar\/plandesalud\/wp-json\/wp\/v2\/comments?post=3185"}],"version-history":[{"count":15,"href":"https:\/\/www.hospitalaustral.edu.ar\/plandesalud\/wp-json\/wp\/v2\/pages\/3185\/revisions"}],"predecessor-version":[{"id":3408,"href":"https:\/\/www.hospitalaustral.edu.ar\/plandesalud\/wp-json\/wp\/v2\/pages\/3185\/revisions\/3408"}],"wp:attachment":[{"href":"https:\/\/www.hospitalaustral.edu.ar\/plandesalud\/wp-json\/wp\/v2\/media?parent=3185"}],"curies":[{"name":"wp","href":"https:\/\/api.w.org\/{rel}","templated":true}]}}