{"id":3267,"date":"2024-07-14T12:13:08","date_gmt":"2024-07-14T15:13:08","guid":{"rendered":"https:\/\/www.hospitalaustral.edu.ar\/plandesalud\/?page_id=3267"},"modified":"2025-05-28T10:37:54","modified_gmt":"2025-05-28T13:37:54","slug":"mi-medico-1203","status":"publish","type":"page","link":"https:\/\/www.hospitalaustral.edu.ar\/plandesalud\/mi-medico-1203\/","title":{"rendered":"Plan Mi M\u00e9dico 1203"},"content":{"rendered":"<p><img loading=\"lazy\" decoding=\"async\" class=\"aligncenter wp-image-3269 size-full\" src=\"https:\/\/www.hospitalaustral.edu.ar\/plandesalud\/wp-content\/uploads\/2024\/07\/header-mi-medico-1203.jpg\" alt=\"Planes de Salud - Hospital Austral - Plan Mi M\u00e9dico 1203\" width=\"1200\" height=\"570\" srcset=\"https:\/\/www.hospitalaustral.edu.ar\/plandesalud\/wp-content\/uploads\/2024\/07\/header-mi-medico-1203.jpg 1200w, https:\/\/www.hospitalaustral.edu.ar\/plandesalud\/wp-content\/uploads\/2024\/07\/header-mi-medico-1203-300x143.jpg 300w, https:\/\/www.hospitalaustral.edu.ar\/plandesalud\/wp-content\/uploads\/2024\/07\/header-mi-medico-1203-1024x486.jpg 1024w, https:\/\/www.hospitalaustral.edu.ar\/plandesalud\/wp-content\/uploads\/2024\/07\/header-mi-medico-1203-768x365.jpg 768w\" sizes=\"(max-width: 1200px) 100vw, 1200px\" \/><\/p>\n<h2 class=\"h2azul\">BENEFICIOS DE NUESTROS PLANES<\/h2>\n<p><img loading=\"lazy\" decoding=\"async\" class=\"aligncenter wp-image-3234 size-full\" src=\"https:\/\/www.hospitalaustral.edu.ar\/plandesalud\/wp-content\/uploads\/2024\/07\/beneficios-nuestros-planes-mi-medico.jpg\" alt=\"Hospital Universitario Austral - Plan de Salud - Plan Mi M\u00e9dico\" width=\"1200\" height=\"268\" srcset=\"https:\/\/www.hospitalaustral.edu.ar\/plandesalud\/wp-content\/uploads\/2024\/07\/beneficios-nuestros-planes-mi-medico.jpg 1200w, https:\/\/www.hospitalaustral.edu.ar\/plandesalud\/wp-content\/uploads\/2024\/07\/beneficios-nuestros-planes-mi-medico-300x67.jpg 300w, https:\/\/www.hospitalaustral.edu.ar\/plandesalud\/wp-content\/uploads\/2024\/07\/beneficios-nuestros-planes-mi-medico-1024x229.jpg 1024w, https:\/\/www.hospitalaustral.edu.ar\/plandesalud\/wp-content\/uploads\/2024\/07\/beneficios-nuestros-planes-mi-medico-768x172.jpg 768w\" sizes=\"(max-width: 1200px) 100vw, 1200px\" \/><\/p>\n<h3 class=\"h3azul\">PRIORIDAD<\/h3>\n<p>En los Servicios del Hospital Universitario Austral<br \/>\n(Internaci\u00f3n, Im\u00e1genes, Laboratorio).<\/p>\n<h3 class=\"h3azul\">SERVICIOS ONLINE<\/h3>\n<p>Gesti\u00f3n de turnos y resultados de estudios.<br \/>\nSolicitud de autorizaciones y reintegros.<\/p>\n<h3 class=\"h3azul\">TELEMEDICINA<\/h3>\n<p>Guardia Virtual.<\/p>\n<h3 class=\"h3azul\">CONSULTORIOS EXTERNOS DEL HOSPITAL UNIVERSITARIO AUSTRAL<\/h3>\n<p>Atendidos por profesionales del Staff M\u00e9dico del Hospital en:<\/p>\n<ul>\n<li>Escobar<\/li>\n<li>Luj\u00e1n<\/li>\n<li>Pilar (Paseo Champagnat y Centro de Especialidad Officia)<\/li>\n<li>San Miguel<\/li>\n<\/ul>\n<h3 class=\"h3azul\">M\u00c1S OPCIONES Y LUGARES DE ATENCI\u00d3N<\/h3>\n<p>Profesionales y Centros M\u00e9dicos externos adheridos, en diferentes zonas<br \/>\nde Capital y Gran Buenos Aires.<\/p>\n<h3 class=\"h3azul\">APP CREDENCIAL DIGITAL<\/h3>\n<p>Para hacer m\u00e1s f\u00e1ciles y eficientes las gestiones de salud.<br \/>\n<img loading=\"lazy\" decoding=\"async\" class=\"aligncenter wp-image-3254 size-full\" src=\"https:\/\/www.hospitalaustral.edu.ar\/plandesalud\/wp-content\/uploads\/2024\/07\/image-filete-azul-01.jpg\" alt=\"Filete azul\" width=\"1600\" height=\"120\" srcset=\"https:\/\/www.hospitalaustral.edu.ar\/plandesalud\/wp-content\/uploads\/2024\/07\/image-filete-azul-01.jpg 1600w, https:\/\/www.hospitalaustral.edu.ar\/plandesalud\/wp-content\/uploads\/2024\/07\/image-filete-azul-01-300x23.jpg 300w, https:\/\/www.hospitalaustral.edu.ar\/plandesalud\/wp-content\/uploads\/2024\/07\/image-filete-azul-01-1024x77.jpg 1024w, https:\/\/www.hospitalaustral.edu.ar\/plandesalud\/wp-content\/uploads\/2024\/07\/image-filete-azul-01-768x58.jpg 768w, https:\/\/www.hospitalaustral.edu.ar\/plandesalud\/wp-content\/uploads\/2024\/07\/image-filete-azul-01-1536x115.jpg 1536w\" sizes=\"(max-width: 1600px) 100vw, 1600px\" \/><\/p>\n<h2 class=\"h2azul\">BENEFICIOS DESDE CUALQUIER LUGAR DEL MUNDO<\/h2>\n<p><img loading=\"lazy\" decoding=\"async\" class=\"aligncenter wp-image-3255 size-full\" src=\"https:\/\/www.hospitalaustral.edu.ar\/plandesalud\/wp-content\/uploads\/2024\/07\/beneficios-mundo-mi-medico.jpg\" alt=\"Hospital Universitario Austral - Plan de Salud - Plan Mi M\u00e9dico\" width=\"1200\" height=\"268\" srcset=\"https:\/\/www.hospitalaustral.edu.ar\/plandesalud\/wp-content\/uploads\/2024\/07\/beneficios-mundo-mi-medico.jpg 1200w, https:\/\/www.hospitalaustral.edu.ar\/plandesalud\/wp-content\/uploads\/2024\/07\/beneficios-mundo-mi-medico-300x67.jpg 300w, https:\/\/www.hospitalaustral.edu.ar\/plandesalud\/wp-content\/uploads\/2024\/07\/beneficios-mundo-mi-medico-1024x229.jpg 1024w, https:\/\/www.hospitalaustral.edu.ar\/plandesalud\/wp-content\/uploads\/2024\/07\/beneficios-mundo-mi-medico-768x172.jpg 768w\" sizes=\"(max-width: 1200px) 100vw, 1200px\" \/><\/p>\n<h3 class=\"h3azul\">COBERTURA NACIONAL E INTERNACIONAL<\/h3>\n<p>Asistencia al Viajero incluida, a trav\u00e9s de Universal Assistance,<br \/>\nlas 24 horas, todos los d\u00edas del a\u00f1o y hasta 60 d\u00edas por viaje.<\/p>\n<h3 class=\"h3azul\">APP DE ASISTENCIA AL VIAJERO<\/h3>\n<p>Para solicitar asistencia e informaci\u00f3n.<\/p>\n<h3 class=\"h3azul\">GUARDIA VIRTUAL<\/h3>\n<p>Con profesionales del Hospital Universitario Austral para consultas m\u00e9dicas<br \/>\npor s\u00edntomas leves, desde cualquier lugar del mundo.<br \/>\n<img loading=\"lazy\" decoding=\"async\" class=\"aligncenter wp-image-3254 size-full\" src=\"https:\/\/www.hospitalaustral.edu.ar\/plandesalud\/wp-content\/uploads\/2024\/07\/image-filete-azul-01.jpg\" alt=\"Filete azul\" width=\"1600\" height=\"120\" srcset=\"https:\/\/www.hospitalaustral.edu.ar\/plandesalud\/wp-content\/uploads\/2024\/07\/image-filete-azul-01.jpg 1600w, https:\/\/www.hospitalaustral.edu.ar\/plandesalud\/wp-content\/uploads\/2024\/07\/image-filete-azul-01-300x23.jpg 300w, https:\/\/www.hospitalaustral.edu.ar\/plandesalud\/wp-content\/uploads\/2024\/07\/image-filete-azul-01-1024x77.jpg 1024w, https:\/\/www.hospitalaustral.edu.ar\/plandesalud\/wp-content\/uploads\/2024\/07\/image-filete-azul-01-768x58.jpg 768w, https:\/\/www.hospitalaustral.edu.ar\/plandesalud\/wp-content\/uploads\/2024\/07\/image-filete-azul-01-1536x115.jpg 1536w\" sizes=\"(max-width: 1600px) 100vw, 1600px\" \/><\/p>\n<h2 class=\"h2azul\">BENEFICIOS Y PRESTACIONES &#8211; POR RUBRO<\/h2>\n<p><img loading=\"lazy\" decoding=\"async\" class=\"aligncenter wp-image-3256 size-full\" src=\"https:\/\/www.hospitalaustral.edu.ar\/plandesalud\/wp-content\/uploads\/2024\/07\/beneficios-y-prestaciones-mi-medico.jpg\" alt=\"Hospital Universitario Austral - Plan de Salud - Plan Mi M\u00e9dico\" width=\"1200\" height=\"268\" srcset=\"https:\/\/www.hospitalaustral.edu.ar\/plandesalud\/wp-content\/uploads\/2024\/07\/beneficios-y-prestaciones-mi-medico.jpg 1200w, https:\/\/www.hospitalaustral.edu.ar\/plandesalud\/wp-content\/uploads\/2024\/07\/beneficios-y-prestaciones-mi-medico-300x67.jpg 300w, https:\/\/www.hospitalaustral.edu.ar\/plandesalud\/wp-content\/uploads\/2024\/07\/beneficios-y-prestaciones-mi-medico-1024x229.jpg 1024w, https:\/\/www.hospitalaustral.edu.ar\/plandesalud\/wp-content\/uploads\/2024\/07\/beneficios-y-prestaciones-mi-medico-768x172.jpg 768w\" sizes=\"(max-width: 1200px) 100vw, 1200px\" \/><\/p>\n<h3 class=\"h3azul\">CONSULTAS M\u00c9DICAS<\/h3>\n<h4>Consultas con Profesionales de Cl\u00ednica M\u00e9dica y Pediatr\u00eda (acceso directo).<\/h4>\n<h4>Prestaci\u00f3n de Media Complejidad (b).<\/h4>\n<p>Ambulatorias y en Urgencia (con copago).<br \/>\nEn Domicilio (con copago).<\/p>\n<h4>Consultas con M\u00e9dicos Especialistas.<\/h4>\n<h4>Prestaci\u00f3n de Media Complejidad (b).<\/h4>\n<p>Ginecolog\u00eda y Obstetricia, Oftalmolog\u00eda, Dermatolog\u00eda y Traumatolog\u00eda<br \/>\n(acceso directo). El resto de las especialidades con derivaci\u00f3n.<br \/>\nAmbulatorias y en Urgencia (con copago).<br \/>\nEn Domicilio (con copago).<\/p>\n<h3 class=\"h3azul\">ESTUDIOS Y PR\u00c1CTICAS DE DIAGN\u00d3STICO Y TRATAMIENTO<\/h3>\n<h4>Prestaci\u00f3n de Baja Complejidad (a).<br \/>\nPrestaci\u00f3n de Media Complejidad (b).<br \/>\nPrestaci\u00f3n de Alta Complejidad (c).<\/h4>\n<p>(Con copago).<\/p>\n<h3 class=\"h3azul\">INTERNACI\u00d3N<\/h3>\n<p>Servicios de Internaci\u00f3n Cl\u00ednica y Quir\u00fargica.<br \/>\nHonorarios en Internaci\u00f3n Cl\u00ednica y Quir\u00fargica.<br \/>\nPensi\u00f3n Sanatorial Habitaci\u00f3n Compartida.<br \/>\nAcompa\u00f1ante en la Internaci\u00f3n sin cargo (hasta los 15 a\u00f1os de edad).<br \/>\nTerapia Intensiva y Unidad Coronaria.<br \/>\nPr\u00f3tesis Nacionales 100 % seg\u00fan P.M.O. (Plan M\u00e9dico Obligat.).<\/p>\n<h3 class=\"h3azul\">MATERNIDAD<\/h3>\n<p>Cobertura global.<br \/>\nAcompa\u00f1ante en la Internaci\u00f3n (con cargo).<\/p>\n<h3 class=\"h3azul\">REHABILITACI\u00d3N<\/h3>\n<h4>Prestaci\u00f3n de Baja Complejidad (a).<\/h4>\n<p>Kinesioterapia, Fisioterapia (con copago). Hasta 25 sesiones por a\u00f1o por persona.<br \/>\nKinesiolog\u00eda a Domicilio (por Reintegro). Incluido en tope de Kinesiolog\u00eda.<br \/>\nFonoaudiolog\u00eda (con copago). Hasta 25 sesiones por a\u00f1o por persona.<br \/>\nNeuroling\u00fc\u00edstica (con copago). Incluido en tope de Fonoaudiolog\u00eda.<\/p>\n<h3 class=\"h3azul\">SALUD MENTAL<\/h3>\n<h4>Prestaci\u00f3n de Media Complejidad (b).<\/h4>\n<p>Consultas (con copago). Hasta 30 sesiones por a\u00f1o por persona.<br \/>\nInternaci\u00f3n Psiqui\u00e1trica. S\u00f3lo patolog\u00edas agudas. 30 d\u00edas.<\/p>\n<h3 class=\"h3azul\">TRASPLANTES<\/h3>\n<p>Estudios pre y post trasplantes.<br \/>\nTrasplantes.<\/p>\n<h3 class=\"h3azul\">OFTALMOLOG\u00cdA<\/h3>\n<h4>Prestaci\u00f3n de Media Complejidad (b).<\/h4>\n<p>Consultas (con copago).<br \/>\nCirug\u00eda de Cataratas.<\/p>\n<h3 class=\"h3azul\">\u00d3PTICA<\/h3>\n<p>1 par de anteojos est\u00e1ndar o de lentes de contacto est\u00e1ndar<br \/>\n(hasta los 15 a\u00f1os de edad).<\/p>\n<h3 class=\"h3azul\">MEDICAMENTOS Y MATERIAL DESCARTABLE<\/h3>\n<p>En Pr\u00e1cticas Ambulatorias y en Internaci\u00f3n: Cobertura 100 %.<br \/>\nDescuento por Medicamentos en Farmacias Adheridas: 40 %.<br \/>\nDescuento (Resoluci\u00f3n 310): 70 %.<br \/>\nMedicamentos Plan Materno Infantil en Farmacias Adheridas: 100 %.<br \/>\nMedicamentos Oncol\u00f3gicos: Cobertura 100 %.<\/p>\n<h3 class=\"h3azul\">VACUNAS<\/h3>\n<p>Vacunas Obligatorias (Calendario de Vacunaci\u00f3n): Cobertura 100 %.<br \/>\nVacunas Especiales: Descuento del 40 %.<\/p>\n<h3 class=\"h3azul\">ODONTOLOG\u00cdA<\/h3>\n<p>Odontolog\u00eda General.<br \/>\nOrtodoncia por Reintegro. Cubre un tratamiento de por vida. Hasta los 17 a\u00f1os de edad.<\/p>\n<p><img loading=\"lazy\" decoding=\"async\" class=\"aligncenter wp-image-3254 size-full\" src=\"https:\/\/www.hospitalaustral.edu.ar\/plandesalud\/wp-content\/uploads\/2024\/07\/image-filete-azul-01.jpg\" alt=\"Filete azul\" width=\"1600\" height=\"120\" srcset=\"https:\/\/www.hospitalaustral.edu.ar\/plandesalud\/wp-content\/uploads\/2024\/07\/image-filete-azul-01.jpg 1600w, https:\/\/www.hospitalaustral.edu.ar\/plandesalud\/wp-content\/uploads\/2024\/07\/image-filete-azul-01-300x23.jpg 300w, https:\/\/www.hospitalaustral.edu.ar\/plandesalud\/wp-content\/uploads\/2024\/07\/image-filete-azul-01-1024x77.jpg 1024w, https:\/\/www.hospitalaustral.edu.ar\/plandesalud\/wp-content\/uploads\/2024\/07\/image-filete-azul-01-768x58.jpg 768w, https:\/\/www.hospitalaustral.edu.ar\/plandesalud\/wp-content\/uploads\/2024\/07\/image-filete-azul-01-1536x115.jpg 1536w\" sizes=\"(max-width: 1600px) 100vw, 1600px\" \/><\/p>\n<h2 class=\"h2azul\">PRESTACIONES POR NIVELES DE COMPLEJIDAD<\/h2>\n<h4>(a) Prestaci\u00f3n de Baja Complejidad<\/h4>\n<p>Densitometr\u00eda, Electrocardiograf\u00eda,<br \/>\nRadiolog\u00eda y Rehabilitaci\u00f3n.<\/p>\n<h4>(b) Prestaci\u00f3n de Media Complejidad<\/h4>\n<p>Consultas M\u00e9dicas, Doppler, Ecograf\u00eda,<br \/>\nLaboratorio y Salud Mental (sesiones).<\/p>\n<h4>(c) Prestaci\u00f3n de Alta Complejidad<\/h4>\n<p>Endoscop\u00eda, Estudios, Medicina Nuclear,<br \/>\nResonancia y Tomograf\u00eda.<\/p>\n<h4>El valor del copago corresponde al nivel de complejidad.<\/h4>\n<p><img loading=\"lazy\" decoding=\"async\" class=\"aligncenter wp-image-3254 size-full\" src=\"https:\/\/www.hospitalaustral.edu.ar\/plandesalud\/wp-content\/uploads\/2024\/07\/image-filete-azul-01.jpg\" alt=\"Filete azul\" width=\"1600\" height=\"120\" srcset=\"https:\/\/www.hospitalaustral.edu.ar\/plandesalud\/wp-content\/uploads\/2024\/07\/image-filete-azul-01.jpg 1600w, https:\/\/www.hospitalaustral.edu.ar\/plandesalud\/wp-content\/uploads\/2024\/07\/image-filete-azul-01-300x23.jpg 300w, https:\/\/www.hospitalaustral.edu.ar\/plandesalud\/wp-content\/uploads\/2024\/07\/image-filete-azul-01-1024x77.jpg 1024w, https:\/\/www.hospitalaustral.edu.ar\/plandesalud\/wp-content\/uploads\/2024\/07\/image-filete-azul-01-768x58.jpg 768w, https:\/\/www.hospitalaustral.edu.ar\/plandesalud\/wp-content\/uploads\/2024\/07\/image-filete-azul-01-1536x115.jpg 1536w\" sizes=\"(max-width: 1600px) 100vw, 1600px\" \/><\/p>\n<h2 class=\"h2azul\">M\u00d3DULO OPCIONAL &#8211; PARA AGREGAR DE ACUERDO AL PLAN<\/h2>\n\n<p>El Plan MI M\u00c9DICO 1203 brinda la posibilidad de agregar el M\u00f3dulo M2.<\/p>\n<h3 class=\"h3azul\">M2 M\u00f3dulo Ortesis:<\/h3>\n<p>Garantiza la cobertura extra del 50 % que cubre el P.M.O.<br \/>\n(Plan M\u00e9dico Obligatorio).<\/p>\n\n<p>El m\u00f3dulo adquirido se extiende a todos los integrantes del grupo familiar<br \/>\nasociado al Plan y requiere permanencia m\u00ednima de 12 meses.<\/p>\n<p><img loading=\"lazy\" decoding=\"async\" class=\"aligncenter wp-image-3254 size-full\" src=\"https:\/\/www.hospitalaustral.edu.ar\/plandesalud\/wp-content\/uploads\/2024\/07\/image-filete-azul-01.jpg\" alt=\"Filete azul\" width=\"1600\" height=\"120\" srcset=\"https:\/\/www.hospitalaustral.edu.ar\/plandesalud\/wp-content\/uploads\/2024\/07\/image-filete-azul-01.jpg 1600w, https:\/\/www.hospitalaustral.edu.ar\/plandesalud\/wp-content\/uploads\/2024\/07\/image-filete-azul-01-300x23.jpg 300w, https:\/\/www.hospitalaustral.edu.ar\/plandesalud\/wp-content\/uploads\/2024\/07\/image-filete-azul-01-1024x77.jpg 1024w, https:\/\/www.hospitalaustral.edu.ar\/plandesalud\/wp-content\/uploads\/2024\/07\/image-filete-azul-01-768x58.jpg 768w, https:\/\/www.hospitalaustral.edu.ar\/plandesalud\/wp-content\/uploads\/2024\/07\/image-filete-azul-01-1536x115.jpg 1536w\" sizes=\"(max-width: 1600px) 100vw, 1600px\" \/><\/p>\n<h2 class=\"h2azul\">NOTAS Y REFERENCIAS<\/h2>\n<p>&#8211; Los topes y l\u00edmites son por a\u00f1o calendario.<br \/>\n&#8211; Consultas en Domicilio: Profesionales del Servicio de Urgencia Domiciliaria.<br \/>\n&#8211; Consulta Virtual: Sin cobertura.<br \/>\n&#8211; Prestaciones con Reintegro: Consultar valores de reintegros vigentes.<br \/>\n&#8211; Ecograf\u00eda 4D: Sin cobertura.<br \/>\n&#8211; Ecograf\u00eda Morfol\u00f3gica (E1 \u00f3 E2): Sin cobertura.<br \/>\n&#8211; Curso Pre-Parto: Sin cobertura.<br \/>\n&#8211; \u00d3ptica: Por a\u00f1o y por persona. No cubre lentes t\u00f3ricas ni cil\u00edndricas.<br \/>\n&#8211; Cirug\u00eda L\u00e1ser Oft\u00e1lmica: Sin cobertura.<br \/>\n&#8211; Tratamiento Esclerosante: Sin cobertura.<br \/>\n&#8211; Seguro de Continuidad: Sin cobertura.<\/p>\n<h2 class=\"h2azul\">TIEMPOS DE ESPERA &#8211; PARA RECIBIR EL BENEFICIO<\/h2>\n<p>6 Meses: Internaci\u00f3n Programada. Cirug\u00eda Programada. Pr\u00f3tesis Quir\u00fargicas.<br \/>\nOrtodoncia. Salud Mental.<br \/>\n10 meses: Maternidad.<br \/>\n12 meses: M\u00f3dulo Ortesis.<\/p>\n<p><img loading=\"lazy\" decoding=\"async\" class=\"aligncenter wp-image-3254 size-full\" src=\"https:\/\/www.hospitalaustral.edu.ar\/plandesalud\/wp-content\/uploads\/2024\/07\/image-filete-azul-01.jpg\" alt=\"Filete azul\" width=\"1600\" height=\"120\" srcset=\"https:\/\/www.hospitalaustral.edu.ar\/plandesalud\/wp-content\/uploads\/2024\/07\/image-filete-azul-01.jpg 1600w, https:\/\/www.hospitalaustral.edu.ar\/plandesalud\/wp-content\/uploads\/2024\/07\/image-filete-azul-01-300x23.jpg 300w, https:\/\/www.hospitalaustral.edu.ar\/plandesalud\/wp-content\/uploads\/2024\/07\/image-filete-azul-01-1024x77.jpg 1024w, https:\/\/www.hospitalaustral.edu.ar\/plandesalud\/wp-content\/uploads\/2024\/07\/image-filete-azul-01-768x58.jpg 768w, https:\/\/www.hospitalaustral.edu.ar\/plandesalud\/wp-content\/uploads\/2024\/07\/image-filete-azul-01-1536x115.jpg 1536w\" sizes=\"(max-width: 1600px) 100vw, 1600px\" \/><\/p>\n","protected":false},"excerpt":{"rendered":"<p>BENEFICIOS DE NUESTROS PLANES PRIORIDAD En los Servicios del Hospital Universitario Austral (Internaci\u00f3n, Im\u00e1genes, Laboratorio). SERVICIOS ONLINE Gesti\u00f3n de turnos y resultados de estudios. Solicitud de autorizaciones y reintegros. TELEMEDICINA Guardia Virtual. CONSULTORIOS EXTERNOS DEL HOSPITAL UNIVERSITARIO AUSTRAL Atendidos por [&hellip;]<\/p>\n","protected":false},"author":4,"featured_media":0,"parent":0,"menu_order":5,"comment_status":"closed","ping_status":"closed","template":"","meta":{"_acf_changed":false,"footnotes":""},"acf":[],"_links":{"self":[{"href":"https:\/\/www.hospitalaustral.edu.ar\/plandesalud\/wp-json\/wp\/v2\/pages\/3267"}],"collection":[{"href":"https:\/\/www.hospitalaustral.edu.ar\/plandesalud\/wp-json\/wp\/v2\/pages"}],"about":[{"href":"https:\/\/www.hospitalaustral.edu.ar\/plandesalud\/wp-json\/wp\/v2\/types\/page"}],"author":[{"embeddable":true,"href":"https:\/\/www.hospitalaustral.edu.ar\/plandesalud\/wp-json\/wp\/v2\/users\/4"}],"replies":[{"embeddable":true,"href":"https:\/\/www.hospitalaustral.edu.ar\/plandesalud\/wp-json\/wp\/v2\/comments?post=3267"}],"version-history":[{"count":17,"href":"https:\/\/www.hospitalaustral.edu.ar\/plandesalud\/wp-json\/wp\/v2\/pages\/3267\/revisions"}],"predecessor-version":[{"id":3636,"href":"https:\/\/www.hospitalaustral.edu.ar\/plandesalud\/wp-json\/wp\/v2\/pages\/3267\/revisions\/3636"}],"wp:attachment":[{"href":"https:\/\/www.hospitalaustral.edu.ar\/plandesalud\/wp-json\/wp\/v2\/media?parent=3267"}],"curies":[{"name":"wp","href":"https:\/\/api.w.org\/{rel}","templated":true}]}}