{"id":3292,"date":"2024-07-14T14:17:26","date_gmt":"2024-07-14T17:17:26","guid":{"rendered":"https:\/\/www.hospitalaustral.edu.ar\/plandesalud\/?page_id=3292"},"modified":"2024-09-16T14:18:20","modified_gmt":"2024-09-16T17:18:20","slug":"planes-de-cobertura","status":"publish","type":"page","link":"https:\/\/www.hospitalaustral.edu.ar\/plandesalud\/servicios\/preguntas-frecuentes\/planes-de-cobertura\/","title":{"rendered":"Planes de cobertura"},"content":{"rendered":"<h3>Planes VIGENTES Que no se comercializan:<br \/>\n<img loading=\"lazy\" decoding=\"async\" class=\"aligncenter size-full wp-image-3199\" src=\"https:\/\/www.hospitalaustral.edu.ar\/plandesalud\/wp-content\/uploads\/2024\/06\/image-filete-verde-01.jpg\" alt=\"Filete verde\" width=\"1600\" height=\"120\" srcset=\"https:\/\/www.hospitalaustral.edu.ar\/plandesalud\/wp-content\/uploads\/2024\/06\/image-filete-verde-01.jpg 1600w, https:\/\/www.hospitalaustral.edu.ar\/plandesalud\/wp-content\/uploads\/2024\/06\/image-filete-verde-01-300x23.jpg 300w, https:\/\/www.hospitalaustral.edu.ar\/plandesalud\/wp-content\/uploads\/2024\/06\/image-filete-verde-01-1024x77.jpg 1024w, https:\/\/www.hospitalaustral.edu.ar\/plandesalud\/wp-content\/uploads\/2024\/06\/image-filete-verde-01-768x58.jpg 768w, https:\/\/www.hospitalaustral.edu.ar\/plandesalud\/wp-content\/uploads\/2024\/06\/image-filete-verde-01-1536x115.jpg 1536w\" sizes=\"(max-width: 1600px) 100vw, 1600px\" \/><\/h3>\n<ul>\n<li><a href=\"https:\/\/www.hospitalaustral.edu.ar\/plandesalud\/planes-de-cobertura\/01-Plan-Clasico-2020-31-5-24.pdf\" target=\"_blank\" rel=\"noopener\">Plan Cl\u00e1sico 2020<\/a><\/li>\n<li><a href=\"https:\/\/www.hospitalaustral.edu.ar\/plandesalud\/planes-de-cobertura\/02-Plan-Clasico-2000-31-5-24.pdf\" target=\"_blank\" rel=\"noopener\">Plan Clasico 2000<\/a><\/li>\n<li><a href=\"https:\/\/www.hospitalaustral.edu.ar\/plandesalud\/planes-de-cobertura\/03-Plan-Mi-Medico-31-5-24.pdf\" target=\"_blank\" rel=\"noopener\">Plan Mi M\u00e9dico<\/a><\/li>\n<li><a href=\"https:\/\/www.hospitalaustral.edu.ar\/plandesalud\/planes-de-cobertura\/04-Plan-MiMedico-1201-31-5-24.pdf\" target=\"_blank\" rel=\"noopener\">Plan Mi M\u00e9dico 1201<\/a><\/li>\n<li><a href=\"https:\/\/www.hospitalaustral.edu.ar\/plandesalud\/planes-de-cobertura\/05-Plan-Mi-Medico-3002-31-5-24.pdf\" target=\"_blank\" rel=\"noopener\">Plan Mi M\u00e9dico 3002<\/a><\/li>\n<li><a href=\"https:\/\/www.hospitalaustral.edu.ar\/plandesalud\/planes-de-cobertura\/06-Plan-Mi-Medico-1100-31-5-24.pdf\" target=\"_blank\" rel=\"noopener\">Plan Mi M\u00e9dico 1100<\/a><\/li>\n<li><a href=\"https:\/\/www.hospitalaustral.edu.ar\/plandesalud\/planes-de-cobertura\/07-Plan-Mi-Medico-ACES-31-5-24.pdf\" target=\"_blank\" rel=\"noopener\">Plan Mi M\u00e9dico ACES<\/a><\/li>\n<li><a href=\"https:\/\/www.hospitalaustral.edu.ar\/plandesalud\/planes-de-cobertura\/08-Plan-ACES-Plus-31-5-24.pdf\" target=\"_blank\" rel=\"noopener\">Plan ACES Plus<\/a><\/li>\n<\/ul>\n<p><img loading=\"lazy\" decoding=\"async\" class=\"aligncenter size-full wp-image-3199\" src=\"https:\/\/www.hospitalaustral.edu.ar\/plandesalud\/wp-content\/uploads\/2024\/06\/image-filete-verde-01.jpg\" alt=\"Filete verde\" width=\"1600\" height=\"120\" srcset=\"https:\/\/www.hospitalaustral.edu.ar\/plandesalud\/wp-content\/uploads\/2024\/06\/image-filete-verde-01.jpg 1600w, https:\/\/www.hospitalaustral.edu.ar\/plandesalud\/wp-content\/uploads\/2024\/06\/image-filete-verde-01-300x23.jpg 300w, https:\/\/www.hospitalaustral.edu.ar\/plandesalud\/wp-content\/uploads\/2024\/06\/image-filete-verde-01-1024x77.jpg 1024w, https:\/\/www.hospitalaustral.edu.ar\/plandesalud\/wp-content\/uploads\/2024\/06\/image-filete-verde-01-768x58.jpg 768w, https:\/\/www.hospitalaustral.edu.ar\/plandesalud\/wp-content\/uploads\/2024\/06\/image-filete-verde-01-1536x115.jpg 1536w\" sizes=\"(max-width: 1600px) 100vw, 1600px\" \/><\/p>\n","protected":false},"excerpt":{"rendered":"<p>Planes VIGENTES Que no se comercializan: Plan Cl\u00e1sico 2020 Plan Clasico 2000 Plan Mi M\u00e9dico Plan Mi M\u00e9dico 1201 Plan Mi M\u00e9dico 3002 Plan Mi M\u00e9dico 1100 Plan Mi M\u00e9dico ACES Plan ACES Plus<\/p>\n","protected":false},"author":4,"featured_media":0,"parent":50,"menu_order":0,"comment_status":"closed","ping_status":"closed","template":"","meta":{"_acf_changed":false,"footnotes":""},"acf":[],"_links":{"self":[{"href":"https:\/\/www.hospitalaustral.edu.ar\/plandesalud\/wp-json\/wp\/v2\/pages\/3292"}],"collection":[{"href":"https:\/\/www.hospitalaustral.edu.ar\/plandesalud\/wp-json\/wp\/v2\/pages"}],"about":[{"href":"https:\/\/www.hospitalaustral.edu.ar\/plandesalud\/wp-json\/wp\/v2\/types\/page"}],"author":[{"embeddable":true,"href":"https:\/\/www.hospitalaustral.edu.ar\/plandesalud\/wp-json\/wp\/v2\/users\/4"}],"replies":[{"embeddable":true,"href":"https:\/\/www.hospitalaustral.edu.ar\/plandesalud\/wp-json\/wp\/v2\/comments?post=3292"}],"version-history":[{"count":5,"href":"https:\/\/www.hospitalaustral.edu.ar\/plandesalud\/wp-json\/wp\/v2\/pages\/3292\/revisions"}],"predecessor-version":[{"id":3422,"href":"https:\/\/www.hospitalaustral.edu.ar\/plandesalud\/wp-json\/wp\/v2\/pages\/3292\/revisions\/3422"}],"up":[{"embeddable":true,"href":"https:\/\/www.hospitalaustral.edu.ar\/plandesalud\/wp-json\/wp\/v2\/pages\/50"}],"wp:attachment":[{"href":"https:\/\/www.hospitalaustral.edu.ar\/plandesalud\/wp-json\/wp\/v2\/media?parent=3292"}],"curies":[{"name":"wp","href":"https:\/\/api.w.org\/{rel}","templated":true}]}}