{"id":3299,"date":"2024-07-18T09:13:43","date_gmt":"2024-07-18T12:13:43","guid":{"rendered":"https:\/\/www.hospitalaustral.edu.ar\/plandesalud\/?page_id=3299"},"modified":"2024-07-18T16:14:32","modified_gmt":"2024-07-18T19:14:32","slug":"politica-de-privacidad-de-datos","status":"publish","type":"page","link":"https:\/\/www.hospitalaustral.edu.ar\/plandesalud\/servicios\/politica-de-privacidad-de-datos\/","title":{"rendered":"Pol\u00edtica de Privacidad de Datos"},"content":{"rendered":"<h2>Solicitud de Eliminaci\u00f3n de Cuenta y Datos<\/h2>\n<p>En el Plan de Salud del Hospital Universitario Austral, valoramos y respetamos la privacidad de nuestros usuarios. Si desea eliminar su cuenta y los datos asociados, por favor, env\u00ede su pedido a trav\u00e9s del formulario de contacto en: https:\/\/www.hospitalaustral.edu.ar\/plandesalud\/contacto\/. Le ayudaremos con la eliminaci\u00f3n de su cuenta y datos personales de nuestros sistemas.<\/p>\n<h3>Descripci\u00f3n de la Aplicaci\u00f3n<\/h3>\n<p>La App Credencial Digital Austral 2.0 es una plataforma con la que podr\u00e1s acceder a tu Credencial Digital personal, as\u00ed como tambi\u00e9n a la de los integrantes de tu grupo familiar. Desde la App podr\u00e1n capturar su fotograf\u00eda-retrato (selfie) la cual ser\u00e1 utilizada en tus credenciales digitales para una mejor identificaci\u00f3n.<br \/>\nNuestra misi\u00f3n es garantizar la seguridad y privacidad de nuestros usuarios al proporcionar servicios de calidad.<br \/>\nValoramos la transparencia y nos esforzamos por ofrecer una experiencia confiable y segura para nuestros usuarios.<\/p>\n<h3>Procedimiento para Eliminar la Cuenta<\/h3>\n<p>Para solicitar la eliminaci\u00f3n de su cuenta y los datos asociados, simplemente env\u00ede su pedido a trav\u00e9s del formulario de contacto en: https:\/\/www.hospitalaustral.edu.ar\/plandesalud\/contacto\/. Nuestro equipo de soporte se encargar\u00e1 de procesar su solicitud de eliminaci\u00f3n de datos en el menor tiempo posible.<\/p>\n<h3>Nuestro Compromiso<\/h3>\n<p>En el Plan de Salud del Hospital Universitario Austral, nos comprometemos a proteger la privacidad y seguridad de nuestros usuarios. Cumplimos con las regulaciones y pol\u00edticas de privacidad establecidas por Google Play Store para garantizar una experiencia segura y confiable para todos nuestros usuarios.<\/p>\n<p>Gracias por confiar en el Plan de Salud del Hospital Universitario Austral.<\/p>\n","protected":false},"excerpt":{"rendered":"<p>Solicitud de Eliminaci\u00f3n de Cuenta y Datos En el Plan de Salud del Hospital Universitario Austral, valoramos y respetamos la privacidad de nuestros usuarios. Si desea eliminar su cuenta y los datos asociados, por favor, env\u00ede su pedido a trav\u00e9s [&hellip;]<\/p>\n","protected":false},"author":4,"featured_media":0,"parent":43,"menu_order":12,"comment_status":"closed","ping_status":"closed","template":"","meta":{"_acf_changed":false,"footnotes":""},"acf":[],"_links":{"self":[{"href":"https:\/\/www.hospitalaustral.edu.ar\/plandesalud\/wp-json\/wp\/v2\/pages\/3299"}],"collection":[{"href":"https:\/\/www.hospitalaustral.edu.ar\/plandesalud\/wp-json\/wp\/v2\/pages"}],"about":[{"href":"https:\/\/www.hospitalaustral.edu.ar\/plandesalud\/wp-json\/wp\/v2\/types\/page"}],"author":[{"embeddable":true,"href":"https:\/\/www.hospitalaustral.edu.ar\/plandesalud\/wp-json\/wp\/v2\/users\/4"}],"replies":[{"embeddable":true,"href":"https:\/\/www.hospitalaustral.edu.ar\/plandesalud\/wp-json\/wp\/v2\/comments?post=3299"}],"version-history":[{"count":1,"href":"https:\/\/www.hospitalaustral.edu.ar\/plandesalud\/wp-json\/wp\/v2\/pages\/3299\/revisions"}],"predecessor-version":[{"id":3300,"href":"https:\/\/www.hospitalaustral.edu.ar\/plandesalud\/wp-json\/wp\/v2\/pages\/3299\/revisions\/3300"}],"up":[{"embeddable":true,"href":"https:\/\/www.hospitalaustral.edu.ar\/plandesalud\/wp-json\/wp\/v2\/pages\/43"}],"wp:attachment":[{"href":"https:\/\/www.hospitalaustral.edu.ar\/plandesalud\/wp-json\/wp\/v2\/media?parent=3299"}],"curies":[{"name":"wp","href":"https:\/\/api.w.org\/{rel}","templated":true}]}}