{"id":45,"date":"2016-04-08T16:31:04","date_gmt":"2016-04-08T19:31:04","guid":{"rendered":"http:\/\/www.hospitalaustral.edu.ar\/plandesalud\/?page_id=45"},"modified":"2023-04-04T10:24:39","modified_gmt":"2023-04-04T13:24:39","slug":"empresas","status":"publish","type":"page","link":"https:\/\/www.hospitalaustral.edu.ar\/plandesalud\/servicios\/empresas\/","title":{"rendered":"Empresas"},"content":{"rendered":"<p><img loading=\"lazy\" decoding=\"async\" class=\"alignleft size-full wp-image-848\" src=\"https:\/\/www.hospitalaustral.edu.ar\/plandesalud\/wp-content\/uploads\/2016\/04\/header-servicios-empresas-v2.jpg\" alt=\"Servicios para Empresas | Plan de Salud del Hospital Austral\" width=\"764\" height=\"258\" srcset=\"https:\/\/www.hospitalaustral.edu.ar\/plandesalud\/wp-content\/uploads\/2016\/04\/header-servicios-empresas-v2.jpg 764w, https:\/\/www.hospitalaustral.edu.ar\/plandesalud\/wp-content\/uploads\/2016\/04\/header-servicios-empresas-v2-300x101.jpg 300w\" sizes=\"(max-width: 764px) 100vw, 764px\" \/><\/p>\n<p class=\"h5\">En el <strong>Plan de Salud del Hospital Austral<\/strong> ponemos a disposici\u00f3n distintas alternativas especialmente dise\u00f1adas para las peque\u00f1as y medianas empresas.<\/p>\n<p><script type=\"text\/javascript\" src=\"https:\/\/form.jotform.com\/jsform\/230933717060048\"><\/script><\/p>\n","protected":false},"excerpt":{"rendered":"<p>En el Plan de Salud del Hospital Austral ponemos a disposici\u00f3n distintas alternativas especialmente dise\u00f1adas para las peque\u00f1as y medianas empresas.<\/p>\n","protected":false},"author":5,"featured_media":0,"parent":43,"menu_order":1,"comment_status":"closed","ping_status":"closed","template":"","meta":{"_acf_changed":false,"footnotes":""},"acf":[],"_links":{"self":[{"href":"https:\/\/www.hospitalaustral.edu.ar\/plandesalud\/wp-json\/wp\/v2\/pages\/45"}],"collection":[{"href":"https:\/\/www.hospitalaustral.edu.ar\/plandesalud\/wp-json\/wp\/v2\/pages"}],"about":[{"href":"https:\/\/www.hospitalaustral.edu.ar\/plandesalud\/wp-json\/wp\/v2\/types\/page"}],"author":[{"embeddable":true,"href":"https:\/\/www.hospitalaustral.edu.ar\/plandesalud\/wp-json\/wp\/v2\/users\/5"}],"replies":[{"embeddable":true,"href":"https:\/\/www.hospitalaustral.edu.ar\/plandesalud\/wp-json\/wp\/v2\/comments?post=45"}],"version-history":[{"count":8,"href":"https:\/\/www.hospitalaustral.edu.ar\/plandesalud\/wp-json\/wp\/v2\/pages\/45\/revisions"}],"predecessor-version":[{"id":2782,"href":"https:\/\/www.hospitalaustral.edu.ar\/plandesalud\/wp-json\/wp\/v2\/pages\/45\/revisions\/2782"}],"up":[{"embeddable":true,"href":"https:\/\/www.hospitalaustral.edu.ar\/plandesalud\/wp-json\/wp\/v2\/pages\/43"}],"wp:attachment":[{"href":"https:\/\/www.hospitalaustral.edu.ar\/plandesalud\/wp-json\/wp\/v2\/media?parent=45"}],"curies":[{"name":"wp","href":"https:\/\/api.w.org\/{rel}","templated":true}]}}